{"id":2406,"date":"2022-03-25T15:10:21","date_gmt":"2022-03-25T15:10:21","guid":{"rendered":"http:\/\/lionelmaltese.fr\/?page_id=2406"},"modified":"2025-12-14T10:22:39","modified_gmt":"2025-12-14T10:22:39","slug":"sae-but","status":"publish","type":"page","link":"https:\/\/lionelmaltese.fr\/?page_id=2406","title":{"rendered":"BUT GEA 1"},"content":{"rendered":"\n<p><strong>SA\u00e9 BUT1 Immertion Associations  <\/strong><\/p>\n\n\n\n<p><strong><em>\u00ab\u00a0Immersion dans une organisation marchande ou non marchande,<br>r\u00e9elle ou fictive\u00a0\u00bb<\/em><\/strong><\/p>\n\n\n\n<p><strong><em>T\u00e9l\u00e9charger<\/em><\/strong> : <strong><a href=\"https:\/\/lionelmaltese.fr\/wp-content\/uploads\/2025\/12\/Sae-BUT1-GEA-2526.pdf\">Pr\u00e9sentation PPT de la Sae<\/a><\/strong><\/p>\n\n\n\n<div class=\"wp-block-buttons is-layout-flex wp-block-buttons-is-layout-flex\">\n<div class=\"wp-block-button\"><a class=\"wp-block-button__link wp-element-button\" href=\"http:\/\/youtu.be\/MZAIPoSUTQs?hd=1\"> Vid\u00e9o PPT comment\u00e9e <\/a><\/div>\n<\/div>\n\n\n\n<p><\/p>\n\n\n\n<p><\/p>\n\n\n\n<p><strong><em>Liens utiles :<\/em><\/strong><\/p>\n\n\n\n<ul class=\"wp-block-list\">\n<li><a href=\"https:\/\/www.associations.gouv.fr\/les-associations-en-france.html\">Les associations en France<\/a><\/li>\n\n\n\n<li><a href=\"https:\/\/bleez.com\/blog\/secteur-associatif-zoom-chiffres-defis?utm_term=&amp;utm_campaign=PMax+Multi+Personas&amp;utm_source=adwords&amp;utm_medium=ppc&amp;hsa_acc=2546182268&amp;hsa_cam=23196825242&amp;hsa_grp=&amp;hsa_ad=&amp;hsa_src=x&amp;hsa_tgt=&amp;hsa_kw=&amp;hsa_mt=&amp;hsa_net=adwords&amp;hsa_ver=3&amp;gad_source=2&amp;gad_campaignid=23191647972&amp;gclid=EAIaIQobChMIuMaL2OK8kQMVVJuDBx1w-DIFEAEYAyAAEgIcT_D_BwE\">Secteur associatif : zoom sur les principaux chiffres et d\u00e9fis<\/a><\/li>\n\n\n\n<li><a>Management et b\u00e9n\u00e9volat : un oxymore dans une association ?<\/a><\/li>\n\n\n\n<li><a href=\"https:\/\/www.associatheque.fr\/fr\/creer-association\/chiffres-cles.html#:~:text=On%20estime%20%C3%A0%201%20500,beaucoup%20%C3%A9volu%C3%A9%20avec%20le%20temps.\">Chiffres cl\u00e9s et histoire du secteur associatif<\/a><\/li>\n\n\n\n<li><a href=\"https:\/\/www.legalstart.fr\/fiches-pratiques\/association\/types-associations\/\">Quels sont les diff\u00e9rents types d\u2019associations ?<\/a><\/li>\n\n\n\n<li><a href=\"https:\/\/chaire-ess.univ-gustave-eiffel.fr\/archives\/points-de-vue\/quelle-economie-des-associations\">Quelle \u00e9conomie des associations ?<\/a><\/li>\n\n\n\n<li><a href=\"https:\/\/www.insee.fr\/fr\/statistiques\/5365639\">1,3 million d\u2019associations : des h\u00f4pitaux et Ehpad aux associations de parents d\u2019\u00e9l\u00e8ves et aux clubs de gym<\/a><\/li>\n\n\n\n<li><a href=\"https:\/\/www.youtube.com\/watch?v=A4V4LubXpH0\">Dirigeants b\u00e9n\u00e9voles et dirigeants salari\u00e9s : quel management dans les associations ?<\/a><\/li>\n\n\n\n<li><a href=\"https:\/\/www.youtube.com\/watch?v=Wj1VIBseSNU\">L&#8217;emploi dans le monde associatif<\/a><\/li>\n\n\n\n<li><a href=\"https:\/\/www.youtube.com\/watch?v=GZe1dkZXgEc\">La d\u00e9confiture annonc\u00e9e du monde associatif [Philippe Gattet]<\/a><\/li>\n\n\n\n<li><a href=\"https:\/\/www.lefigaro.fr\/blogs\/sport-business\/2020\/09\/tie-break-0-fft-roland-garros-des-ressources-aux-competences.html\">FFT &amp; Roland Garros, des ressources aux comp\u00e9tences<\/a><\/li>\n\n\n\n<li><a href=\"https:\/\/www.youtube.com\/watch?v=1kIhq_YURdo\">Sauver le soldat Roland Garros<\/a><\/li>\n\n\n\n<li><a href=\"https:\/\/www.youtube.com\/watch?v=YYvE9LZKA6c\">Thomas Durand, Xerfi Canal Strat\u00e9gie : de l&rsquo;avantage concurrentiel \u00e0 l&rsquo;alchimie des comp\u00e9tences<\/a><\/li>\n\n\n\n<li><a href=\"https:\/\/www.youtube.com\/watch?v=LxNCtU3X1ZY\">Les \u00ab\u00a0surconfiants\u00a0\u00bb : ces incomp\u00e9tents qui ne le savent pas [Isabelle Barth]<\/a><\/li>\n<\/ul>\n\n\n\n<p><strong><em>Coachs Enseignants &amp; professionnels &#8211; acteurs \u00e9cosyst\u00e8mes associatifs culturels et sportifs <\/em><\/strong><\/p>\n\n\n\n<div class=\"wp-block-buttons is-content-justification-left is-layout-flex wp-container-core-buttons-is-layout-fdcfc74e wp-block-buttons-is-layout-flex\">\n<div class=\"wp-block-button\"><a class=\"wp-block-button__link wp-element-button\" href=\"https:\/\/www.linkedin.com\/in\/cedrick-josephine-b63287130\/\">Cedrick Josephine<\/a><\/div>\n\n\n\n<div class=\"wp-block-button\"><a class=\"wp-block-button__link wp-element-button\">Emanuelle Thevenin<\/a><\/div>\n\n\n\n<div class=\"wp-block-button\"><a class=\"wp-block-button__link wp-element-button\" href=\"https:\/\/lionelmaltese.fr\/?page_id=117\">Lionel Maltese<\/a><\/div>\n<\/div>\n\n\n\n<p><\/p>\n","protected":false},"excerpt":{"rendered":"<p>SA\u00e9 BUT1 Immertion Associations \u00ab\u00a0Immersion dans une organisation marchande ou non marchande,r\u00e9elle ou fictive\u00a0\u00bb T\u00e9l\u00e9charger : Pr\u00e9sentation PPT de la Sae Liens utiles : Coachs Enseignants &amp; professionnels &#8211; acteurs \u00e9cosyst\u00e8mes associatifs culturels et sportifs<\/p>\n","protected":false},"author":1,"featured_media":0,"parent":33,"menu_order":0,"comment_status":"closed","ping_status":"closed","template":"","meta":{"footnotes":""},"class_list":["post-2406","page","type-page","status-publish","hentry"],"_links":{"self":[{"href":"https:\/\/lionelmaltese.fr\/index.php?rest_route=\/wp\/v2\/pages\/2406","targetHints":{"allow":["GET"]}}],"collection":[{"href":"https:\/\/lionelmaltese.fr\/index.php?rest_route=\/wp\/v2\/pages"}],"about":[{"href":"https:\/\/lionelmaltese.fr\/index.php?rest_route=\/wp\/v2\/types\/page"}],"author":[{"embeddable":true,"href":"https:\/\/lionelmaltese.fr\/index.php?rest_route=\/wp\/v2\/users\/1"}],"replies":[{"embeddable":true,"href":"https:\/\/lionelmaltese.fr\/index.php?rest_route=%2Fwp%2Fv2%2Fcomments&post=2406"}],"version-history":[{"count":29,"href":"https:\/\/lionelmaltese.fr\/index.php?rest_route=\/wp\/v2\/pages\/2406\/revisions"}],"predecessor-version":[{"id":4773,"href":"https:\/\/lionelmaltese.fr\/index.php?rest_route=\/wp\/v2\/pages\/2406\/revisions\/4773"}],"up":[{"embeddable":true,"href":"https:\/\/lionelmaltese.fr\/index.php?rest_route=\/wp\/v2\/pages\/33"}],"wp:attachment":[{"href":"https:\/\/lionelmaltese.fr\/index.php?rest_route=%2Fwp%2Fv2%2Fmedia&parent=2406"}],"curies":[{"name":"wp","href":"https:\/\/api.w.org\/{rel}","templated":true}]}}