{"id":2483,"date":"2022-08-28T09:02:36","date_gmt":"2022-08-28T09:02:36","guid":{"rendered":"http:\/\/lionelmaltese.fr\/?page_id=2483"},"modified":"2026-01-07T08:19:41","modified_gmt":"2026-01-07T08:19:41","slug":"saebut2-gema-creation-activite","status":"publish","type":"page","link":"https:\/\/lionelmaltese.fr\/?page_id=2483","title":{"rendered":"SA\u00e9 BUT2 GEMA Cr\u00e9ation Activit\u00e9"},"content":{"rendered":"\n<p><strong><em>&#8211;&gt;<\/em><\/strong> <strong><em><a href=\"http:\/\/somup.com\/c0j0XcA3O9\" data-type=\"link\" data-id=\"http:\/\/somup.com\/c0j0XcA3O9\">Pr\u00e9sentation Vid\u00e9o de la SA\u00e9<\/a><\/em><\/strong> et <a href=\"https:\/\/lionelmaltese.fr\/wp-content\/uploads\/2023\/08\/SAe-BUT2-GEMA-Creation-Activite-23.pptx\" data-type=\"link\" data-id=\"https:\/\/lionelmaltese.fr\/wp-content\/uploads\/2023\/08\/SAe-BUT2-GEMA-Creation-Activite-23.pptx\"><strong>PPT<\/strong><\/a><\/p>\n\n\n\n<p><strong><a href=\"https:\/\/lionelmaltese.fr\/wp-content\/uploads\/2025\/12\/sujets258hchronos-1.pdf\">Sujets 2025 : 8H Chronos Mardi 16 d\u00e9cembre <\/a><\/strong><\/p>\n\n\n\n<p><strong><a href=\"https:\/\/lionelmaltese.fr\/wp-content\/uploads\/2026\/01\/GEMAFI8HChronosSAE3.GEMA_.02-2025-12-23-1_grtousv2.pdf\">Notes Evaluations GEMA FI 2025<\/a><\/strong><\/p>\n\n\n\n<p><strong><a href=\"https:\/\/lionelmaltese.fr\/wp-content\/uploads\/2025\/12\/GEMAFA8HChronosSAE3.GEMA_.02-2025-12-23-1_grtous.pdf\">Notes Evaluations GEMA ALT 2025<\/a><\/strong><\/p>\n\n\n\n<p><strong>3 S\u00e9ances (FI) : Cas interactifs <\/strong><\/p>\n\n\n\n<ul class=\"wp-block-list\">\n<li>BM Fili\u00e8re carrossiers (<a href=\"https:\/\/www.linkedin.com\/in\/eric-mallet-5b0a19a9\/?originalSubdomain=fr\">Eric Mallet<\/a>) : <a href=\"https:\/\/www.axial.org\/\" data-type=\"URL\" data-id=\"https:\/\/www.axial.org\/\">AXIAL PROFESSION CARROSIER<\/a><\/li>\n\n\n\n<li>BM Fili\u00e8re Free Lance (<a href=\"https:\/\/www.linkedin.com\/in\/anais-gilles-haguel-26102643\/\">Ana\u00efs Gilles<\/a>) : <a href=\"https:\/\/www.neo-worker.com\/\">NEO WORKER<\/a><\/li>\n\n\n\n<li>&#8211;&gt;<a href=\"https:\/\/www.xerficanal.com\/economie\/emission\/Olivier-Passet-Auto-entrepreneurs-et-jobs-d-appoints-cela-s-accelere-meme-chez-le-cadres_3752192.html?utm_source=sendinblue&amp;utm_campaign=&amp;utm_medium=email\" data-type=\"link\" data-id=\"https:\/\/www.xerficanal.com\/economie\/emission\/Olivier-Passet-Auto-entrepreneurs-et-jobs-d-appoints-cela-s-accelere-meme-chez-le-cadres_3752192.html?utm_source=sendinblue&amp;utm_campaign=&amp;utm_medium=email\">Auto-entrepreneurs et jobs d&rsquo;appoints : cela s&rsquo;acc\u00e9l\u00e8re, m\u00eame chez les cadres <\/a><\/li>\n\n\n\n<li>BM Fili\u00e8re Sant\u00e9 (<a href=\"https:\/\/www.linkedin.com\/in\/dr-fabre-jean-bernard-50731254\/\">Jean-Bernard Fabre<\/a>) : <a href=\"https:\/\/www.humanfab.com\/\">HUMAN FAB <\/a><\/li>\n\n\n\n<li>BM Fili\u00e8re Trading (<a href=\"https:\/\/www.linkedin.com\/in\/david-vincent-b0083\/\">David Vincent<\/a>) : <a href=\"https:\/\/smart-trade.net\/\">smarTrade<\/a><\/li>\n<\/ul>\n\n\n\n<p><strong>2 S\u00e9ances TD <\/strong><em><strong>Financement de cr\u00e9ation d&rsquo;activit\u00e9 : Emmanuelle Thevenin <\/strong><\/em><\/p>\n\n\n\n<ul class=\"wp-block-list\">\n<li>Budget pr\u00e9visionnel \/ Evaluation des charges fixes \/ variables \/ Seuil de rentabilit\u00e9 \/ Calcul de marges commerciales pr\u00e9visionnelles \/ Evaluation des montants d&#8217;emprunts pour financer le lancement d&rsquo;activit\u00e9 <\/li>\n<\/ul>\n\n\n\n<p><strong>Journ\u00e9e Mardi 16 d\u00e9cembre 2025 : \u00ab\u00a0Kick Off 8 H Chronos\u00a0\u00bb<\/strong><\/p>\n\n\n\n<ul class=\"wp-block-list\">\n<li>Jury\/Coachs : Emmanuelle Thevenin \/ Estelle Caolova \/ Lionel Paris \/ Cyril Pain-Barre \/ Lionel Maltese<\/li>\n\n\n\n<li>Ecosyst\u00e8mes impos\u00e9s 8 H pour r\u00e9alisation d&rsquo;une pr\u00e9sentation de cr\u00e9ation d&rsquo;activit\u00e9 <\/li>\n<\/ul>\n\n\n\n<p><strong><a href=\"https:\/\/lionelmaltese.fr\/wp-content\/uploads\/2025\/12\/sujets258hchronos.pdf\">Podcast rappel des attendus d\u00e9livrable 8H Chronos<\/a><\/strong><\/p>\n\n\n\n<p>&#8211;&gt; <strong><a href=\"https:\/\/lionelmaltese.fr\/wp-content\/uploads\/2025\/12\/rappelSAeBUTGEMA8hChrono25.pdf\">Rappel Roadmap Cr\u00e9ation Activit\u00e9 <\/a><\/strong><\/p>\n\n\n\n<p>&#8211;&gt; <strong><em><a href=\"https:\/\/lionelmaltese.fr\/wp-content\/uploads\/2025\/12\/sujets258hchronos-1.pdf\">5 sujets \u00ab\u00a0\u00e9cosyst\u00e8mes\u00a0\u00bb tir\u00e9s au sort par groupe <\/a><\/em><\/strong><\/p>\n\n\n\n<p>Sujet Lionel Maltese : <a href=\"https:\/\/youtu.be\/XUJoSS8crXM\">hypercomp\u00e9titivit\u00e9 cr\u00e9ation prepa \/ \u00e9curie medecine <\/a><\/p>\n\n\n\n<p>Culture entrepreneuriale  : <\/p>\n\n\n\n<ul class=\"wp-block-list\">\n<li><a href=\"https:\/\/chaires.fsa.ulaval.ca\/espritentrepreneuriat\/en\/tools\/\">Canvas tools by Laval University Qu\u00e9bec<\/a><\/li>\n\n\n\n<li><a href=\"https:\/\/www.xerficanal.com\/strategie-management\/emission\/Damien-Festor-Comment-l-IA-s-auto-intoxique_3754486.html\">Comment l\u2019IA s\u2019auto-intoxique<\/a><\/li>\n\n\n\n<li><a href=\"https:\/\/www.youtube.com\/watch?v=7Lix9gaB6XU\">Les 3 crit\u00e8res d\u2019\u00e9valuation d\u2019une bonne strat\u00e9gie [Fr\u00e9d\u00e9ric Fr\u00e9ry]<\/a><\/li>\n\n\n\n<li><a href=\"https:\/\/www.xerficanal.com\/strategie-management\/emission\/Damien-Festor-La-vitesse-de-l-IA-sabote-les-meilleures-idees-_3754463.html?utm_source=sendinblue&amp;utm_campaign=&amp;utm_medium=email\">La vitesse de l\u2019IA sabote les meilleures id\u00e9es<\/a><\/li>\n\n\n\n<li><a href=\"https:\/\/www.xerficanal.com\/strategie-management\/emission\/Jerome-Barthelemy-Comment-se-differencier-de-ses-concurrents-_3754295.html?utm_source=sendinblue&amp;utm_campaign=&amp;utm_medium=email\">Comment se diff\u00e9rencier de ses concurrents ?<\/a><\/li>\n\n\n\n<li><a rel=\"noreferrer noopener\" href=\"http:\/\/www.apce.com\/pid219\/3-l-etude-de-marche.html?espace=1&amp;tp=1\" target=\"_blank\">Etude de March\u00e9 (APCE)<\/a><\/li>\n\n\n\n<li><a href=\"https:\/\/www.youtube.com\/watch?v=nT1_uHCXYAg\">La Minute \u00c9co : ces soci\u00e9t\u00e9s en plein boom lanc\u00e9es par\u2026 des \u00e9tudiants !<\/a><\/li>\n\n\n\n<li><a href=\"https:\/\/www.youtube.com\/watch?v=V7Y3EH2bO4k\">Les formations \u00e0 l&rsquo;entrepreneuriat sont efficaces ! mais pour qui ?<\/a><\/li>\n\n\n\n<li><a href=\"https:\/\/www.youtube.com\/watch?v=h3irZ2yQ7eI\">S\u2019inspirer des sportifs de haut niveau pour entreprendre<\/a><\/li>\n\n\n\n<li><a href=\"http:\/\/www.capital.fr\/votre-carriere\/4-techniques-qui-feront-de-vous-un-audacieux-1247306\">4 techniques qui feront de vous un audacieux<\/a><\/li>\n\n\n\n<li><a href=\"https:\/\/www.youtube.com\/watch?v=FKproHgrQKk\">Startups : rassembler les comp\u00e9tences et r\u00e9partir le capital<\/a><\/li>\n\n\n\n<li><a href=\"https:\/\/www.youtube.com\/watch?v=_xexsmxqqd4\">Oui, la France est un paradis pour les entrepreneurs&nbsp;<\/a><\/li>\n\n\n\n<li><a rel=\"noreferrer noopener\" href=\"http:\/\/www.apce.com\/\" target=\"_blank\">Agence Pour la Cr\u00e9ation d&rsquo;Entreprise (APCE)<\/a><\/li>\n\n\n\n<li><a rel=\"noreferrer noopener\" href=\"http:\/\/boulachinp.free.fr\/ESCI\/ESCI%202%E8me%20ann%E9e\/Entrepreneuriat\/Cours\/Cr%E9ation%20d'entreprise.pdf\" target=\"_blank\">Cr\u00e9ation d&rsquo;entreprise et Entrepreneuriat (Adreg)<\/a><\/li>\n\n\n\n<li><a rel=\"noreferrer noopener\" href=\"http:\/\/www.acifr.org\/ressources\/livres_freelance\/createur_d_entreprise_extraits.pdf\" target=\"_blank\">Le m\u00e9tier de cr\u00e9ateur d&rsquo;entreprise<\/a><\/li>\n\n\n\n<li><a rel=\"noreferrer noopener\" href=\"https:\/\/www.youtube.com\/watch?v=YjAP3J_p9X8\" target=\"_blank\">15 ans de cr\u00e9ations d&rsquo;entreprise : la r\u00e9volution culturelle<\/a><\/li>\n\n\n\n<li><a rel=\"noreferrer noopener\" href=\"https:\/\/www.youtube.com\/watch?v=mJoKav4BHgs\" target=\"_blank\">La g\u00e9n\u00e9ration Z veut entreprendre!<\/a><\/li>\n\n\n\n<li><a rel=\"noreferrer noopener\" href=\"https:\/\/www.youtube.com\/watch?v=KG5_gEfKfUo\" target=\"_blank\">Entreprendre et apprendre pour servir sa passion : Eminem Infos France<\/a><\/li>\n\n\n\n<li><a rel=\"noreferrer noopener\" href=\"https:\/\/www.youtube.com\/watch?v=caPC8w_nakY\" target=\"_blank\">Entreprendre : le fourmillement fran\u00e7ais<\/a><\/li>\n\n\n\n<li><a rel=\"noreferrer noopener\" href=\"https:\/\/www.youtube.com\/watch?v=X_nk1Ph48tM\" target=\"_blank\">Des propositions pour stimuler l&rsquo;entrepreneuriat en France (Vincent Chriqui)<\/a><\/li>\n\n\n\n<li><a href=\"https:\/\/www.youtube.com\/watch?v=j_-7LMZQBsA\">Pour entreprendre, il faut savoir souffrir<\/a><\/li>\n\n\n\n<li><a href=\"https:\/\/www.xerficanal.com\/strategie-management\/emission\/Alexandre-Boulegue-Les-incubateurs-et-les-accelerateurs-en-France_3747559.html?utm_source=Mod%E8le%20diffusion%20Xerfi%20Canal&amp;utm_medium=email&amp;utm_campaign=XC020919\">Les incubateurs et les acc\u00e9l\u00e9rateurs en France<\/a><\/li>\n\n\n\n<li><a href=\"https:\/\/www.youtube.com\/watch?v=pCo6RltHreg\">Les incubateurs<\/a><\/li>\n\n\n\n<li><a rel=\"noreferrer noopener\" href=\"https:\/\/www.youtube.com\/watch?v=Gsdsqs2772Y\" target=\"_blank\">Cr\u00e9ation d&rsquo;entreprise \u00e0 Marseille<\/a> (<a rel=\"noreferrer noopener\" href=\"http:\/\/www.reseau-entreprendre-paca.fr\/\" target=\"_blank\">R\u00e9seau entreprendre PACA<\/a>)<\/li>\n\n\n\n<li><a href=\"https:\/\/www.xerficanal.com\/business\/emission\/Xavier-Hollandts-Developper-l-intrapreneuriat_3746891.html\">D\u00e9velopper l&rsquo;intrapreneuriat<\/a><\/li>\n\n\n\n<li><a href=\"https:\/\/business-builder.cci.fr\/guide-creation\/la-bonne-idee-de-creation-dentreprise\">Trouver une id\u00e9e d\u2019entreprise : plusieurs m\u00e9thodes concr\u00e8tes<\/a><\/li>\n<\/ul>\n","protected":false},"excerpt":{"rendered":"<p>&#8211;&gt; Pr\u00e9sentation Vid\u00e9o de la SA\u00e9 et PPT Sujets 2025 : 8H Chronos Mardi 16 d\u00e9cembre Notes Evaluations GEMA FI 2025 Notes Evaluations GEMA ALT 2025 3 S\u00e9ances (FI) : Cas interactifs 2 S\u00e9ances TD Financement de cr\u00e9ation d&rsquo;activit\u00e9 :&#8230; <a class=\"more-link\" href=\"https:\/\/lionelmaltese.fr\/?page_id=2483\">Continue Reading &rarr;<\/a><\/p>\n","protected":false},"author":1,"featured_media":0,"parent":44,"menu_order":0,"comment_status":"closed","ping_status":"closed","template":"","meta":{"footnotes":""},"class_list":["post-2483","page","type-page","status-publish","hentry"],"_links":{"self":[{"href":"https:\/\/lionelmaltese.fr\/index.php?rest_route=\/wp\/v2\/pages\/2483","targetHints":{"allow":["GET"]}}],"collection":[{"href":"https:\/\/lionelmaltese.fr\/index.php?rest_route=\/wp\/v2\/pages"}],"about":[{"href":"https:\/\/lionelmaltese.fr\/index.php?rest_route=\/wp\/v2\/types\/page"}],"author":[{"embeddable":true,"href":"https:\/\/lionelmaltese.fr\/index.php?rest_route=\/wp\/v2\/users\/1"}],"replies":[{"embeddable":true,"href":"https:\/\/lionelmaltese.fr\/index.php?rest_route=%2Fwp%2Fv2%2Fcomments&post=2483"}],"version-history":[{"count":44,"href":"https:\/\/lionelmaltese.fr\/index.php?rest_route=\/wp\/v2\/pages\/2483\/revisions"}],"predecessor-version":[{"id":4860,"href":"https:\/\/lionelmaltese.fr\/index.php?rest_route=\/wp\/v2\/pages\/2483\/revisions\/4860"}],"up":[{"embeddable":true,"href":"https:\/\/lionelmaltese.fr\/index.php?rest_route=\/wp\/v2\/pages\/44"}],"wp:attachment":[{"href":"https:\/\/lionelmaltese.fr\/index.php?rest_route=%2Fwp%2Fv2%2Fmedia&parent=2483"}],"curies":[{"name":"wp","href":"https:\/\/api.w.org\/{rel}","templated":true}]}}