{"id":2495,"date":"2022-08-28T09:53:48","date_gmt":"2022-08-28T09:53:48","guid":{"rendered":"http:\/\/lionelmaltese.fr\/?page_id=2495"},"modified":"2026-03-06T11:43:00","modified_gmt":"2026-03-06T11:43:00","slug":"sae-34-01-developpement-activite","status":"publish","type":"page","link":"https:\/\/lionelmaltese.fr\/?page_id=2495","title":{"rendered":"SA\u00e9 BUT2 D\u00e9veloppement Activit\u00e9"},"content":{"rendered":"\n<figure class=\"wp-block-pullquote\"><blockquote><p><strong><a href=\"https:\/\/youtu.be\/fx12MYqaiGM\">Pr\u00e9sentation Podcast <\/a><\/strong>de la SA\u00e9 et <a href=\"https:\/\/lionelmaltese.fr\/wp-content\/uploads\/2025\/08\/SAe-BUT2-Developpement-Activite25.pdf\"><strong>PPT<\/strong><\/a><\/p><\/blockquote><\/figure>\n\n\n\n<p><strong><em>Evaluations + points additionnels activation &amp; bas carbone <\/em><\/strong><\/p>\n\n\n\n<h2 class=\"wp-block-heading has-text-align-center\">\u00ab\u00a0<strong><em>La guerre des Pizzas\u00a0\u00bb <\/em><\/strong><\/h2>\n\n\n\n<p><\/p>\n\n\n\n<p><strong><em>Animation &#8211; Enseignements &#8211; Mentoring par <\/em><\/strong><\/p>\n\n\n\n<div class=\"wp-block-group is-layout-grid wp-container-core-group-is-layout-9649a0d9 wp-block-group-is-layout-grid\">\n<p class=\"has-text-align-center\"><strong><em><a href=\"https:\/\/www.linkedin.com\/in\/estelle-caolova-5342bb15b\/?originalSubdomain=fr\">Estelle Caolova<\/a> Professeure de Marketing<\/em><\/strong> <\/p>\n\n\n\n<p class=\"has-text-align-center wp-container-content-69bc4bdf\"><strong><em><a href=\"https:\/\/www.linkedin.com\/in\/lionel-maltese-620736\/\">Lionel Maltese<\/a>         Ma\u00eetre de Conf\u00e9rences en Strat\u00e9gie<\/em><\/strong><\/p>\n<\/div>\n\n\n\n<pre class=\"wp-block-verse\"><strong><em>SEMESTRE 3 : SA\u00c9 3.01 : Contribuer au d\u00e9veloppement ou \u00e0 la cr\u00e9ation d\u2019une organisation<\/em><\/strong><\/pre>\n\n\n\n<p>&#8211;&gt; <a href=\"https:\/\/www.youtube.com\/watch?v=7Lix9gaB6XU\">Les 3 crit\u00e8res d\u2019\u00e9valuation d\u2019une bonne strat\u00e9gie [Fr\u00e9d\u00e9ric Fr\u00e9ry]<\/a><\/p>\n\n\n\n<p>&#8211;&gt; <a href=\"https:\/\/www.youtube.com\/watch?v=2WQ8f_ZNZzQ\">Comprendre la rationalit\u00e9 limit\u00e9e et le \u00ab satisficing \u00bb d\u2019Herbert Simon [Thomas Durand]<\/a><\/p>\n\n\n\n<p>&#8212;&gt; <a href=\"https:\/\/www.youtube.com\/watch?v=qucctieOmDM\">Waze, Wii, TikTok : l&rsquo;\u00e9chec des personnas [J\u00e9r\u00e9my Robiolle]<\/a><\/p>\n\n\n\n<div class=\"wp-block-buttons is-layout-flex wp-block-buttons-is-layout-flex\">\n<div class=\"wp-block-button\"><a class=\"wp-block-button__link wp-element-button\">March\u00e9 des pizzas <\/a><\/div>\n<\/div>\n\n\n\n<div class=\"wp-block-group is-vertical is-layout-flex wp-container-core-group-is-layout-8cf370e7 wp-block-group-is-layout-flex\">\n<p><a href=\"https:\/\/epsimas.com\/marche-pizza\/\">L&rsquo;\u00e9tat du march\u00e9 des pizzerias en 2024<\/a><\/p>\n\n\n\n<p><a href=\"https:\/\/www.leblogdudirigeant.com\/marche-de-la-pizza\/\">Comprendre et se d\u00e9marquer dans le march\u00e9 de la pizza<\/a><\/p>\n\n\n\n<p><a href=\"https:\/\/www.toute-la-franchise.com\/article-marche-pizza-france-etat-des-lieux-perspectives\">Le march\u00e9 de la pizza en France : \u00c9tat des lieux et perspectives<\/a><\/p>\n\n\n\n<p><a href=\"https:\/\/modelesdebusinessplan.com\/blogs\/infos\/marche-pizza-chiffres?srsltid=AfmBOoq-MvGfb8_me0PNwB7M3SqULa0P8bH-KFyM26qI0l0g_EM4DiYy\">14 chiffres pour le march\u00e9 de la pizza en 2025<\/a><\/p>\n<\/div>\n\n\n\n<div class=\"wp-block-buttons is-layout-flex wp-block-buttons-is-layout-flex\">\n<div class=\"wp-block-button\"><a class=\"wp-block-button__link wp-element-button\">Vid\u00e9os <\/a><\/div>\n<\/div>\n\n\n\n<div class=\"wp-block-group is-vertical is-layout-flex wp-container-core-group-is-layout-8cf370e7 wp-block-group-is-layout-flex\">\n<div class=\"wp-block-group is-vertical is-layout-flex wp-container-core-group-is-layout-8cf370e7 wp-block-group-is-layout-flex\">\n<div class=\"wp-block-group is-vertical is-layout-flex wp-container-core-group-is-layout-8cf370e7 wp-block-group-is-layout-flex\">\n<div class=\"wp-block-group is-vertical is-layout-flex wp-container-core-group-is-layout-8cf370e7 wp-block-group-is-layout-flex\">\n<p><a href=\"https:\/\/www.youtube.com\/watch?v=3Lm2ZF_WGWQ\">Le business rentable des pizzerias &#8211; On n&rsquo;est pas des Pigeons<\/a><\/p>\n\n\n\n<p><a href=\"https:\/\/www.youtube.com\/watch?v=pVWhOl38x4A\">Pizza Hut : Comment Le Roi de La Pizza a Perdu Son Tr\u00f4ne<\/a><\/p>\n\n\n\n<p><a href=\"https:\/\/www.youtube.com\/watch?v=3i53c13YY3c\">PIZZERIA : Combien \u00e7a RAPPORTE ? Le Patron D\u00e9voile TOUT sur les Marges et les Chiffres ! Entreprendre<\/a><\/p>\n\n\n\n<p><a href=\"https:\/\/www.youtube.com\/watch?v=5c4xZ1Z4x1w\">Est-ce qu&rsquo;un Camion Pizza et Food Truck est rentable ? <\/a><\/p>\n\n\n\n<p><a href=\"https:\/\/www.youtube.com\/watch?v=bKfw598JgG8\"> Restauration rapide : se r\u00e9inventer face \u00e0 un march\u00e9 satur\u00e9 [Anne C\u00e9sard]<\/a><\/p>\n\n\n\n<p><a href=\"https:\/\/www.youtube.com\/watch?v=Y4RyWZeiY50\">PIZZAS : une transmission de Naples \u00e0 Marseille &#8211; Reportage Consommation <\/a><\/p>\n\n\n\n<p><a href=\"https:\/\/www.youtube.com\/watch?v=hxugyeaHoV0\">Les enjeux et strat\u00e9gies sur le march\u00e9 du snacking [Cathy Alegria]<\/a><\/p>\n\n\n\n<p><a href=\"https:\/\/www.youtube.com\/watch?v=e-d1V9jwukg\">La Pizza, la reine de la crise<\/a><\/p>\n\n\n\n<p><a href=\"https:\/\/www.youtube.com\/watch?v=0_jsBLF6Xnw\">Les camions pizza : les nouvelles stars itin\u00e9rantes<\/a><\/p>\n<\/div>\n\n\n\n<p><a href=\"https:\/\/www.youtube.com\/watch?v=jaCY3tnO8As\">Boulangeries-p\u00e2tisseries : les enseignes \u00e0 l\u2019heure des nouveaux modes de consommation [Anne C\u00e9sard]<\/a><\/p>\n<\/div>\n<\/div>\n\n\n\n<p><a href=\"https:\/\/chaires.fsa.ulaval.ca\/espritentrepreneuriat\/en\/tools\/\">Canvas tools by Laval University Qu\u00e9bec<\/a><\/p>\n<\/div>\n\n\n\n<p><\/p>\n\n\n\n<pre class=\"wp-block-preformatted\"><strong><em>SEMESTRE 4 : SA\u00c9 4.01 : Participer, dans le respect des contraintes r\u00e9glementaires et dans une d\u00e9marche de gouvernance durable \u00e0 la cr\u00e9ation ou au d\u00e9veloppement d\u2019une organisation<\/em><\/strong><\/pre>\n\n\n\n<div class=\"wp-block-group is-nowrap is-layout-flex wp-container-core-group-is-layout-ad2f72ca wp-block-group-is-layout-flex\">\n<p class=\"has-text-align-center\"><strong>Mentoring <strong><em><a href=\"https:\/\/www.linkedin.com\/in\/estelle-caolova-5342bb15b\/?originalSubdomain=fr\">Estelle Caolova<\/a> <\/em><\/strong>&amp; <strong><em><a href=\"https:\/\/www.linkedin.com\/in\/lionel-maltese-620736\/\">Lionel Maltese<\/a>   <\/em><\/strong><\/strong><\/p>\n\n\n\n<p class=\"has-text-align-center\"><strong>Oraux \u00e0 l&rsquo;aveugle par <a href=\"https:\/\/www.linkedin.com\/in\/sylvain-vachier-16062b\/\">Sylvain Vachier <\/a><\/strong><\/p>\n\n\n\n<p class=\"has-text-align-center\"><strong><em>Pr\u00e9sentations finales aupr\u00e8s des professionnels <\/em><\/strong><\/p>\n<\/div>\n\n\n\n<p>&#8211;> <strong>rendu final par \u00e9crit Groupes 1, 2, 3, 4 FI au 15 avril 2026 <\/strong>format PDF par groupe avec am\u00e9liorations issus des oraux et s\u00e9ances du 6 mars Lionel Maltese <\/p>\n\n\n\n<p>Bonus <strong>Challenge \u00e9v\u00e9nementiel r\u00e9ponse \u00e0 un appel d&rsquo;offre prestataire bas carbone et activation partenriale de sa marque <\/strong><\/p>\n\n\n\n<p>PPT&#8211;&gt;<a href=\"https:\/\/lionelmaltese.fr\/wp-content\/uploads\/2024\/09\/saeevenemntiel-activrse2425.pdf\"> Activation du parrainage &amp; Strat\u00e9gie RSE Eco-Citoyenne \u00e9v\u00e9nementielle<\/a><\/p>\n\n\n\n<p><strong><em>&#8211;&gt; rendu par groupe  :  1 activation partenariale et un projet partenaiare-fournisseur Bas carbone (10 pages PPT ou WORD-PDF maximum) pour le 17 avril 2026 par email lionel.maltese@univ-amu.fr pour les Formations Initiales et le 10 juin 2026 pour les alternants <\/em><\/strong><a href=\"https:\/\/lionelmaltese.fr\/wp-content\/uploads\/2024\/09\/saeevenemntiel-activrse2425.pdf\"> <\/a><\/p>\n\n\n\n<p><strong>Etude Cas Open de Nice C\u00f4te d&rsquo;Azur Green Week ATP : Neutralisation Carbone<\/strong><\/p>\n\n\n\n<ul class=\"wp-block-list\">\n<li><a href=\"https:\/\/lionelmaltese.fr\/wp-content\/uploads\/2024\/09\/Bilan-Carbone-Open-de-Nice-2012.pdf\">Bilan Carbone 2012<\/a><\/li>\n\n\n\n<li><a href=\"https:\/\/lionelmaltese.fr\/wp-content\/uploads\/2024\/09\/NiceEcoCitoyen13.pdf\">Nice Eco-Citoyen 2013<\/a><\/li>\n\n\n\n<li><a href=\"https:\/\/lionelmaltese.fr\/wp-content\/uploads\/2024\/09\/ProgrammeEcoCitoyen2015.pdf\">Programme Nice Eco-Citoyen 2013<\/a><\/li>\n\n\n\n<li><em>Lectures et liens :<\/em><\/li>\n\n\n\n<li><a href=\"http:\/\/blog.lefigaro.fr\/sport-business\/2015\/11\/bnp-paribas-active-les-fans-de-tennis-et-lance-le-sponsoring-30.html\">BNP Paribas active les fans de tennis et lance le sponsoring 3.0<\/a><\/li>\n\n\n\n<li><a href=\"http:\/\/medias.dunod.com\/document\/9782100713127\/Feuilletage.pdf\">Chapitre 3 \u00ab&nbsp;Activation du parrainage sportif&nbsp;\u00bb Marketing du Sport et Ev\u00e9nementiel Sportif (Dunod)<\/a><\/li>\n\n\n\n<li><a href=\"https:\/\/lionelmaltese.fr\/wp-content\/uploads\/2022\/09\/NBA-2020-21-Marketing-and-Partnerships-Report.pdf\">NBA Partership report 21<\/a><\/li>\n\n\n\n<li><a href=\"http:\/\/www.sportbusiness.com\/sportbusiness-international\/art-activation\">The Art of Activation<\/a><\/li>\n\n\n\n<li><a href=\"https:\/\/lionelmaltese.fr\/wp-content\/uploads\/2014\/09\/tfc.pdf\">Clubs Responsables, l\u2019exemple du TFC<\/a>&nbsp;(France Football)<\/li>\n\n\n\n<li><a href=\"http:\/\/blog.lefigaro.fr\/sport-business\/2013\/07\/roland-garros-un-business-responsable.html\">Roland Garros : un business responsable ?&nbsp;<\/a>(Le Figaro\/Sport24)<\/li>\n\n\n\n<li><a href=\"http:\/\/blog.lefigaro.fr\/sport-business\/2013\/05\/latp-fait-sa-green-week-a-nice.html\">L\u2019ATP fait sa \u00ab Green Week \u00bb \u00e0 Nice&nbsp;<\/a>(Le Figaro\/Sport24)<\/li>\n\n\n\n<li><a href=\"http:\/\/blog.lefigaro.fr\/sport-business\/2012\/12\/lcosysteme-sport-responsable-generali-innove.html\">L\u2019\u00e9cosyst\u00e8me Sport Responsable : Generali innove&nbsp;<\/a>(Le Figaro\/Sport24)<\/li>\n\n\n\n<li><a href=\"http:\/\/www.francefootball.fr\/news\/Les-clubs-au-service-de-la-marque-d-un-territoire\/612707\" target=\"_blank\" rel=\"noreferrer noopener\">Les clubs au service de la marque d\u2019un territoire<\/a>&nbsp;(France Football)<\/li>\n\n\n\n<li><a href=\"http:\/\/www.nba.com\/cares\/\" target=\"_blank\" rel=\"noreferrer noopener\">NBA Care<\/a><\/li>\n\n\n\n<li><a href=\"http:\/\/www.sport-responsable.com\/\" target=\"_blank\" rel=\"noreferrer noopener\">Sport Responsable \u2013 Generali<\/a><\/li>\n\n\n\n<li><a href=\"http:\/\/www.groupefdj.com\/fr\/fondation\/qui-sommes-nous\/positionnement\/\" target=\"_blank\" rel=\"noreferrer noopener\">Fondation Fran\u00e7aise Des Jeux<\/a><\/li>\n\n\n\n<li><a href=\"http:\/\/www.opennicecotedazur.com\/upload\/developpement-durable\/ProgrammeEcoCitoyen2014.pdf\" target=\"_blank\" rel=\"noreferrer noopener\">Open Nice C\u00f4te d\u2019Azur \/ Green Week ATP<\/a><\/li>\n\n\n\n<li><a href=\"http:\/\/www.chabalsport.com\/\" target=\"_blank\" rel=\"noreferrer noopener\">Chabal Sport Citoyen<\/a>&nbsp;\u2013&nbsp;<a href=\"http:\/\/www.sport-responsable.com\/actualite\/sebastien-chabal-le-sport-pour-tous\" target=\"_blank\" rel=\"noreferrer noopener\">S\u00e9bastien Chabal : le sport pour tous !<\/a><\/li>\n\n\n\n<li><a href=\"http:\/\/www.amazon.fr\/Sport-RSE-Vers-management-responsable\/dp\/2804166562\" target=\"_blank\" rel=\"noreferrer noopener\">Ouvrage Sport est RSE : Vers un management responsable ? (De Boeck)<\/a><\/li>\n\n\n\n<li><a href=\"http:\/\/watch.nba.com\/video\/channels\/nba_tv\/2015\/06\/07\/20150607-nba-cares-oakland.nba\" target=\"_blank\" rel=\"noreferrer noopener\">NBA Cares in Oakland<\/a><\/li>\n\n\n\n<li><a href=\"http:\/\/espn.go.com\/espn\/citizenship\/\" target=\"_blank\" rel=\"noreferrer noopener\">ESPN Corporate Citizenship<\/a><\/li>\n\n\n\n<li><a href=\"https:\/\/www.youtube.com\/watch?v=FY2CQCwwoYs\" target=\"_blank\" rel=\"noreferrer noopener\">Chabal Sport Citoyen &amp; Play International<\/a><\/li>\n<\/ul>\n\n\n\n<p><\/p>\n","protected":false},"excerpt":{"rendered":"<p>Pr\u00e9sentation Podcast de la SA\u00e9 et PPT Evaluations + points additionnels activation &amp; bas carbone \u00ab\u00a0La guerre des Pizzas\u00a0\u00bb Animation &#8211; Enseignements &#8211; Mentoring par Estelle Caolova Professeure de Marketing Lionel Maltese Ma\u00eetre de Conf\u00e9rences en Strat\u00e9gie SEMESTRE 3 :&#8230; <a class=\"more-link\" href=\"https:\/\/lionelmaltese.fr\/?page_id=2495\">Continue Reading &rarr;<\/a><\/p>\n","protected":false},"author":1,"featured_media":0,"parent":42,"menu_order":0,"comment_status":"closed","ping_status":"closed","template":"","meta":{"footnotes":""},"class_list":["post-2495","page","type-page","status-publish","hentry"],"_links":{"self":[{"href":"https:\/\/lionelmaltese.fr\/index.php?rest_route=\/wp\/v2\/pages\/2495","targetHints":{"allow":["GET"]}}],"collection":[{"href":"https:\/\/lionelmaltese.fr\/index.php?rest_route=\/wp\/v2\/pages"}],"about":[{"href":"https:\/\/lionelmaltese.fr\/index.php?rest_route=\/wp\/v2\/types\/page"}],"author":[{"embeddable":true,"href":"https:\/\/lionelmaltese.fr\/index.php?rest_route=\/wp\/v2\/users\/1"}],"replies":[{"embeddable":true,"href":"https:\/\/lionelmaltese.fr\/index.php?rest_route=%2Fwp%2Fv2%2Fcomments&post=2495"}],"version-history":[{"count":96,"href":"https:\/\/lionelmaltese.fr\/index.php?rest_route=\/wp\/v2\/pages\/2495\/revisions"}],"predecessor-version":[{"id":4951,"href":"https:\/\/lionelmaltese.fr\/index.php?rest_route=\/wp\/v2\/pages\/2495\/revisions\/4951"}],"up":[{"embeddable":true,"href":"https:\/\/lionelmaltese.fr\/index.php?rest_route=\/wp\/v2\/pages\/42"}],"wp:attachment":[{"href":"https:\/\/lionelmaltese.fr\/index.php?rest_route=%2Fwp%2Fv2%2Fmedia&parent=2495"}],"curies":[{"name":"wp","href":"https:\/\/api.w.org\/{rel}","templated":true}]}}