{"id":3017,"date":"2023-11-13T05:38:54","date_gmt":"2023-11-13T05:38:54","guid":{"rendered":"http:\/\/lionelmaltese.fr\/?page_id=3017"},"modified":"2025-12-24T06:32:39","modified_gmt":"2025-12-24T06:32:39","slug":"sae-business-game-alchimie-gea-chimie","status":"publish","type":"page","link":"https:\/\/lionelmaltese.fr\/?page_id=3017","title":{"rendered":"Sae Business Game Cr\u00e9atIvUT"},"content":{"rendered":"\n<p><strong><em>Sa\u00e9 pilot\u00e9e par Cyril Pain-Barre, Estelle Caolova et Lionel Paris <\/em><\/strong><\/p>\n\n\n\n<p><strong>Site Internet d\u00e9di\u00e9 : <a href=\"https:\/\/sites.google.com\/view\/business-game-creativut\/accueil\">Cr\u00e9atIvUT<\/a><\/strong><\/p>\n\n\n\n<p><strong><em>D\u00e9livrable GEA par email lionel.maltese@univ-amu.fr 19 d\u00e9cembre 2025 :<\/em><\/strong><\/p>\n\n\n\n<div class=\"wp-block-group is-nowrap is-layout-flex wp-container-core-group-is-layout-ad2f72ca wp-block-group-is-layout-flex\">\n<p><a href=\"https:\/\/www.youtube.com\/watch?v=4cJl7Fd1EJI\"><strong>Podcast explicatif<\/strong><\/a><\/p>\n\n\n\n<p>&amp;<strong> <a href=\"https:\/\/lionelmaltese.fr\/wp-content\/uploads\/2025\/12\/Delivrable-GEA-CreativIUT-2025.pdf\">D\u00e9livable PDF<\/a><\/strong> <\/p>\n<\/div>\n\n\n\n<p>Evaluations D\u00e9livrables Strat\u00e9gie \/ Business Model : <a href=\"https:\/\/lionelmaltese.fr\/wp-content\/uploads\/2025\/12\/GEMAFI8HChronosSAE3.GEMA_.02-2025-12-23-1_grtous-1.pdf\">GC2FFI<\/a> &#8211; <a href=\"https:\/\/lionelmaltese.fr\/wp-content\/uploads\/2025\/12\/GEMAFI.pdf\">GEMA FI<\/a> &#8211; <a href=\"https:\/\/lionelmaltese.fr\/wp-content\/uploads\/2025\/12\/GPRHFA.pdf\">GPRH FA<\/a> &#8211; <a href=\"https:\/\/lionelmaltese.fr\/wp-content\/uploads\/2025\/12\/GC2FFA.pdf\">GC2F FA<\/a> &#8211; <a href=\"https:\/\/lionelmaltese.fr\/wp-content\/uploads\/2025\/12\/GEMAFA.pdf\">GEMA FA  <\/a><\/p>\n\n\n\n<p><strong>Acc\u00e8s module en ligne : <a href=\"https:\/\/share.articulate.com\/3Oz-u2f9eFzKtZbwFzWPI\">Initiation au BMC (Business Model CANVA)<\/a><\/strong><\/p>\n\n\n\n<p><a href=\"https:\/\/lionelmaltese.fr\/wp-content\/uploads\/2025\/09\/Presentation-Creativut-du-30.09.25.pdf\"><strong><em>Pr\u00e9sentation Creativ&rsquo;IUT Estelle Caolova amphi 30 sept 2025 <\/em><\/strong><\/a><\/p>\n\n\n\n<p><strong><em><a href=\"https:\/\/lionelmaltese.fr\/wp-content\/uploads\/2023\/11\/BMBUTGEMAsaechimieamphi.pptx\">Amphi BUT Chimie <\/a><\/em><\/strong><\/p>\n\n\n\n<p>&#8211;&gt; <a href=\"https:\/\/gomet.net\/business-game-etudiants-pour-faire-naitre-un-projet-dentreprise\/\">IUT Aix-Marseille : 180 \u00e9tudiants mobilis\u00e9s pour inventer des produits et services durables<\/a><\/p>\n\n\n\n<p><strong><em>Projet p\u00e9dagogique autour de la cr\u00e9ation d&rsquo;entreprise : <\/em>ALCHIMIE<em> GEA Chimie IUT Aix Marseille Universit\u00e9<\/em><\/strong><\/p>\n\n\n\n<p><strong>&#8211;&gt; Rappels des attendus en BUT GEA 3i\u00e8me ann\u00e9e : <\/strong><\/p>\n\n\n\n<div class=\"wp-block-group is-nowrap is-layout-flex wp-container-core-group-is-layout-ad2f72ca wp-block-group-is-layout-flex\">\n<p class=\"has-text-align-center\"><a href=\"https:\/\/lionelmaltese.fr\/wp-content\/uploads\/2023\/11\/rappelSAeBUTCreationEntreprise.pptx\"><strong>Pr\u00e9sentation PPT r\u00e9sum\u00e9e <\/strong><\/a><\/p>\n\n\n\n<p class=\"has-text-align-center\"><a href=\"https:\/\/screenpal.com\/watch\/c0XIiOVGZmP\"><strong>Podcast d\u00e9di\u00e9 aux \u00e9tudiants BUT GEA 2ieme ann\u00e9e <\/strong><\/a><\/p>\n\n\n\n<p class=\"has-text-align-center\">Rappels cours BUT2i\u00e8me ann\u00e9e <a href=\"https:\/\/lionelmaltese.fr\/?page_id=42\"><strong>Strat\u00e9gie<\/strong><\/a> &amp; <a href=\"https:\/\/lionelmaltese.fr\/?page_id=44\"><strong>Business Model (GEMA)<\/strong><\/a><\/p>\n<\/div>\n\n\n\n<p><strong><em>Liens, bibliographie &amp; vid\u00e9os utiles :<\/em><\/strong><\/p>\n\n\n\n<p><\/p>\n\n\n\n<ul class=\"wp-block-list\">\n<li><a href=\"https:\/\/grp-lab.com\/wp-content\/uploads\/2020\/11\/Business-Model-pour-entreprendre-de-Boeck-1.pdf\">Ouvrage en ligne : Verstraete, T. Jouison-Laffitte, E. (2009). Business Model pour entreprendre, \u00c9ditions de Boeck Universit\u00e9, Bruxelles<\/a><\/li>\n\n\n\n<li><a href=\"https:\/\/r2e.univ-lorraine.fr\/\">Plate-forme R2E : Recherche et Expertise en Entrepreunariat&nbsp;<\/a><\/li>\n\n\n\n<li><a href=\"https:\/\/www.dunod.com\/entreprise-et-economie\/reinventez-votre-business-model-avec-approche-odyssee-314\">(R\u00e9)inventez votre Business Model \u2013 2e \u00e9dition \u2013 Dunod<\/a><\/li>\n\n\n\n<li><a href=\"https:\/\/www.odyssey314.com\/fr\/business-model.html\">Le Guide De L\u2019Innovation De Business Model : Odyss\u00e9e 3.14<\/a><\/li>\n\n\n\n<li><a href=\"https:\/\/bpifrance-creation.fr\/moment-de-vie\/business-model-canvas-outil-incontournable-createur\">Le Business Model Canvas<\/a><\/li>\n\n\n\n<li>Vid\u00e9o :&nbsp;<a href=\"https:\/\/www.youtube.com\/watch?v=qSAec6sNNSE\">Laurence Lehmann Ortega&nbsp;(HEC) Webinar \u2013 Reinventing your business model<\/a> <\/li>\n\n\n\n<li>Vid\u00e9o :&nbsp;<a href=\"https:\/\/www.youtube.com\/watch?v=qSAec6sNNSE\">COMMENT FAIRE UN BUSINESS MODEL CANVAS ? DEFINITION DES 9 BLOCS<\/a><\/li>\n\n\n\n<li>Vid\u00e9o :&nbsp;<a href=\"https:\/\/www.youtube.com\/watch?v=vkUV6_Ygdc8\">Innovez votre mod\u00e8le d\u2019entreprise : Alex Osterwalder<\/a><\/li>\n\n\n\n<li>Vid\u00e9o :&nbsp;<a href=\"https:\/\/www.youtube.com\/watch?v=C9Nvqd8Q7pM&amp;t=121s\">Cr\u00e9er une proposition de valeur attrayante dans un business model innovant \u2013 Yves Pigneur<\/a><\/li>\n\n\n\n<li>Vid\u00e9o : <a href=\"https:\/\/www.youtube.com\/watch?v=ytlnS873CSE&amp;t=8s\">Le Business Model Canvas<\/a><\/li>\n\n\n\n<li>Vid\u00e9o : <a href=\"https:\/\/www.youtube.com\/watch?v=m4aM49YNVZA\">Les cochons dans la ferme : le mod\u00e8le \u00e9conomique du gratuit<\/a><\/li>\n\n\n\n<li><a href=\"https:\/\/chaires.fsa.ulaval.ca\/espritentrepreneuriat\/en\/tools\/\">Canvas tools by Laval University Qu\u00e9bec<\/a><\/li>\n\n\n\n<li>Vid\u00e9o : <a href=\"https:\/\/www.youtube.com\/watch?v=s6K7F73X_QA&amp;t=162s\">Comprendre les business models en 5 minutes<\/a><\/li>\n\n\n\n<li>Vid\u00e9o : <a href=\"https:\/\/www.youtube.com\/watch?v=aG9xwu5Gc_4\">Comment choisir le bon business model<\/a><\/li>\n\n\n\n<li>Vid\u00e9o : <a href=\"https:\/\/www.youtube.com\/watch?v=41yDnDS6t_g\">Comprendre les mod\u00e8les d\u2019affaires<\/a><\/li>\n\n\n\n<li>Vid\u00e9o : <a href=\"https:\/\/www.youtube.com\/watch?v=FDuPCPp1vaI\">Trois questions d\u00e9cisives sur son business model<\/a><\/li>\n\n\n\n<li>Vid\u00e9o : <a href=\"https:\/\/www.youtube.com\/watch?v=VuoNNSbd3gc\">Un business plan est-il vraiment indispensable ?<\/a><\/li>\n\n\n\n<li>Vid\u00e9o : <a href=\"https:\/\/www.youtube.com\/watch?v=J7nmgRBAfyg\">Entrepreneurs, ne r\u00e9digez surtout pas de business plan !<\/a><\/li>\n\n\n\n<li>Vid\u00e9o : <a href=\"https:\/\/www.youtube.com\/watch?v=OdLLgzeYSIE\">Le Pitch parfait : l\u2019art de s\u00e9duire les investisseurs en quelques minutes<\/a><\/li>\n\n\n\n<li>Vid\u00e9o : <a href=\"https:\/\/www.youtube.com\/watch?v=7Lix9gaB6XU\">Les 3 crit\u00e8res d\u2019\u00e9valuation d\u2019une bonne strat\u00e9gie [Fr\u00e9d\u00e9ric Fr\u00e9ry]<\/a><\/li>\n\n\n\n<li>Vid\u00e9o : <a href=\"https:\/\/www.xerficanal.com\/strategie-management\/emission\/Damien-Festor-La-vitesse-de-l-IA-sabote-les-meilleures-idees-_3754463.html?utm_source=sendinblue&amp;utm_campaign=&amp;utm_medium=email\">La vitesse de l&rsquo;IA sabote les meilleures id\u00e9es<\/a><\/li>\n\n\n\n<li>Vid\u00e9o : <a href=\"https:\/\/www.xerficanal.com\/strategie-management\/emission\/Jerome-Barthelemy-Comment-se-differencier-de-ses-concurrents-_3754295.html?utm_source=sendinblue&amp;utm_campaign=&amp;utm_medium=email\">Comment se diff\u00e9rencier de ses concurrents ?<\/a><\/li>\n<\/ul>\n\n\n\n<p><strong><em>&#8211;&gt; Rendu final PDF par groupe par email lionel.maltese@univ-amu.fr le 20 d\u00e9cembre 202<\/em><\/strong>5<\/p>\n","protected":false},"excerpt":{"rendered":"<p>Sa\u00e9 pilot\u00e9e par Cyril Pain-Barre, Estelle Caolova et Lionel Paris Site Internet d\u00e9di\u00e9 : Cr\u00e9atIvUT D\u00e9livrable GEA par email lionel.maltese@univ-amu.fr 19 d\u00e9cembre 2025 : Podcast explicatif &amp; D\u00e9livable PDF Evaluations D\u00e9livrables Strat\u00e9gie \/ Business Model : GC2FFI &#8211; GEMA FI&#8230; <a class=\"more-link\" href=\"https:\/\/lionelmaltese.fr\/?page_id=3017\">Continue Reading &rarr;<\/a><\/p>\n","protected":false},"author":1,"featured_media":0,"parent":40,"menu_order":0,"comment_status":"closed","ping_status":"closed","template":"","meta":{"footnotes":""},"class_list":["post-3017","page","type-page","status-publish","hentry"],"_links":{"self":[{"href":"https:\/\/lionelmaltese.fr\/index.php?rest_route=\/wp\/v2\/pages\/3017","targetHints":{"allow":["GET"]}}],"collection":[{"href":"https:\/\/lionelmaltese.fr\/index.php?rest_route=\/wp\/v2\/pages"}],"about":[{"href":"https:\/\/lionelmaltese.fr\/index.php?rest_route=\/wp\/v2\/types\/page"}],"author":[{"embeddable":true,"href":"https:\/\/lionelmaltese.fr\/index.php?rest_route=\/wp\/v2\/users\/1"}],"replies":[{"embeddable":true,"href":"https:\/\/lionelmaltese.fr\/index.php?rest_route=%2Fwp%2Fv2%2Fcomments&post=3017"}],"version-history":[{"count":24,"href":"https:\/\/lionelmaltese.fr\/index.php?rest_route=\/wp\/v2\/pages\/3017\/revisions"}],"predecessor-version":[{"id":4819,"href":"https:\/\/lionelmaltese.fr\/index.php?rest_route=\/wp\/v2\/pages\/3017\/revisions\/4819"}],"up":[{"embeddable":true,"href":"https:\/\/lionelmaltese.fr\/index.php?rest_route=\/wp\/v2\/pages\/40"}],"wp:attachment":[{"href":"https:\/\/lionelmaltese.fr\/index.php?rest_route=%2Fwp%2Fv2%2Fmedia&parent=3017"}],"curies":[{"name":"wp","href":"https:\/\/api.w.org\/{rel}","templated":true}]}}