{"id":35,"date":"2014-08-21T14:22:36","date_gmt":"2014-08-21T14:22:36","guid":{"rendered":"http:\/\/lionelmaltese.fr\/?page_id=35"},"modified":"2026-02-11T15:29:03","modified_gmt":"2026-02-11T15:29:03","slug":"mapmo","status":"publish","type":"page","link":"https:\/\/lionelmaltese.fr\/?page_id=35","title":{"rendered":"Strategie BUT3"},"content":{"rendered":"<p><b>BUT GEA 3i\u00e8me ann\u00e9e\u00a0<\/b><\/p>\n<p>&#8211;&gt; <a href=\"https:\/\/lionelmaltese.fr\/wp-content\/uploads\/2024\/11\/StrategieMonographie.pdf\">Consignes et Attentes Sae Monographie (Sophie Montandrau)\u00a0<\/a><\/p>\n<p><strong><em>&#8211;&gt; rendu \u00e9crit avec corrections \/ am\u00e9liorations issues de l&rsquo;oral (FI) pour le 9 mars par e-mail : lionel.maltese@univ-amu.fr\u00a0<\/em><\/strong><\/p>\n<p>Evaluations FI : <a href=\"https:\/\/lionelmaltese.fr\/wp-content\/uploads\/2025\/03\/eval-BUG3GC2FFI.pdf\">strat\u00e9gie GC2FFI<\/a> &#8211; <a href=\"https:\/\/lionelmaltese.fr\/wp-content\/uploads\/2025\/03\/PO-GEMA-FI-S6.pdf\">strat\u00e9gie GEMAFI<\/a> &#8211; <a href=\"https:\/\/lionelmaltese.fr\/wp-content\/uploads\/2025\/04\/RI-PO.pdf\">Parcours International S5<\/a><\/p>\n<p>Evaluations ALT : <a href=\"https:\/\/lionelmaltese.fr\/wp-content\/uploads\/2025\/05\/notes_R6.02-2025-04-24-1_grtousGPRH.pdf\">GPRH<\/a> &#8211; <a href=\"https:\/\/lionelmaltese.fr\/wp-content\/uploads\/2025\/06\/notes_R6.02-2025-04-25-1_grtousGEMAaltpo.pdf\">GEMA<\/a> &#8211; <a href=\"https:\/\/lionelmaltese.fr\/wp-content\/uploads\/2024\/06\/notes_R6.02-2024-05-23_grtousGC2FALT.pdf\">GC2F<\/a><\/p>\n<p><strong>Management d&rsquo;activit\u00e9 \/ Strat\u00e9gie<\/strong><\/p>\n<p><a href=\"http:\/\/compagnons.pearson.fr\/strategique10\/\">Ressources de r\u00e9f\u00e9rence chez PEARSON \u00ab\u00a0strat\u00e9giques\u00a0\u00bb<\/a><\/p>\n<p><em><strong>Audit strat\u00e9gique (outils et m\u00e9thodologie)<\/strong><\/em><\/p>\n<p><em>\u00ab\u00a0Un probl\u00e8me sans solution est un probl\u00e8me mal pos\u00e9\u00a0\u00bb. (EINSTEIN)<\/em><\/p>\n<p><strong><em>Supports\u00a0de cours\u00a0:<\/em><\/strong><\/p>\n<p><strong>S\u00e9ance 1 :<\/strong> <a href=\"https:\/\/lionelmaltese.fr\/wp-content\/uploads\/2024\/09\/methodostratbut325.pdf\"><strong>M\u00e9thodologie Strat\u00e9gie<\/strong><\/a><\/p>\n<p>Vid\u00e9o : <a href=\"https:\/\/www.xerficanal.com\/strategie-management\/emission\/Isabelle-Barth-Arretez-de-chercher-des-solutions-avant-d-avoir-compris-le-probleme-_3752484.html?utm_source=sendinblue&amp;utm_campaign=XC150424&amp;utm_medium=email\">Arr\u00eatez de chercher des solutions avant d&rsquo;avoir compris le probl\u00e8me !<\/a><\/p>\n<p><strong>S\u00e9ance 2<\/strong> : <a href=\"https:\/\/lionelmaltese.fr\/wp-content\/uploads\/2024\/09\/outilsstratbut3225.pdf\"><strong>Outils d&rsquo;Analyse Strat\u00e9gique<\/strong><\/a><\/p>\n<p><em>Lectures et liens :<\/em><\/p>\n<ul>\n<li><a href=\"http:\/\/www.amazon.fr\/Strat%C3%A9gor-Politique-g%C3%A9n%C3%A9rale-lentreprise-Collectif\/dp\/2100034111\" target=\"_blank\" rel=\"noopener noreferrer\">Strategor <\/a><\/li>\n<li><a href=\"http:\/\/www.mintzberg.org\/\" target=\"_blank\" rel=\"noopener noreferrer\">Henry Mintzberg <\/a><\/li>\n<li><a href=\"http:\/\/fr.wikipedia.org\/wiki\/Domaine_d'activit%C3%A9_strat%C3%A9gique\" target=\"_blank\" rel=\"noopener noreferrer\">Les DAS (Wikip\u00e9dia)<\/a><\/li>\n<li><a href=\"http:\/\/fr.wikipedia.org\/wiki\/Matrice_(management)\" target=\"_blank\" rel=\"noopener noreferrer\">Les Matrices strat\u00e9giques (Wikip\u00e9dia)<\/a><\/li>\n<li><a href=\"http:\/\/fr.wikipedia.org\/wiki\/Matrice_BCG\" target=\"_blank\" rel=\"noopener noreferrer\">Matrice BCG (Wikip\u00e9dia)<\/a><\/li>\n<li><a href=\"http:\/\/archives.lesechos.fr\/archives\/cercle\/2012\/07\/20\/cercle_50831.htm\" target=\"_blank\" rel=\"noopener noreferrer\">Les matrices strat\u00e9giques au c\u0153ur des d\u00e9cisions (Les Echos)<\/a><\/li>\n<li><a href=\"http:\/\/fr.wikipedia.org\/wiki\/Matrice_d'Ansoff\" target=\"_blank\" rel=\"noopener noreferrer\">Matrice de croissance Ansoff (Wikip\u00e9dia)<\/a><\/li>\n<li>Vid\u00e9os :<\/li>\n<li><a href=\"https:\/\/www.youtube.com\/watch?v=QaeJYk4xc_o\" target=\"_blank\" rel=\"noopener noreferrer\">Qui, quoi, comment : les questions strat\u00e9giques de la strat\u00e9gie (J\u00e9r\u00f4me Barth\u00e9l\u00e9my) \u2013 Nespresso<\/a><\/li>\n<li><a href=\"https:\/\/www.youtube.com\/watch?v=Kr2lcDe5x6U\" target=\"_blank\" rel=\"noopener noreferrer\">Pourquoi la plupart des entreprises n\u2019ont-elles pas de strat\u00e9gie (J\u00e9r\u00f4me\u00a0Barth\u00e9l\u00e9my)<\/a><\/li>\n<li><a href=\"https:\/\/www.youtube.com\/watch?v=TxclcGGosfU\" target=\"_blank\" rel=\"noopener noreferrer\">R\u00e9sumer une strat\u00e9gie en trois points<\/a><\/li>\n<li><a href=\"https:\/\/www.youtube.com\/watch?v=8g9ixdqZ2fg\">Comment \u00e9valuer le succ\u00e8s d\u2019une strat\u00e9gie<\/a><\/li>\n<li><a href=\"https:\/\/www.dailymotion.com\/video\/x54ifik\">Votre entreprise a-t-elle vraiment une strat\u00e9gie ?<\/a><\/li>\n<li><a href=\"https:\/\/www.youtube.com\/watch?v=TeUCfDOQFQc\">Comprendre l\u2019\u00e9valuation de la faisabilit\u00e9 des choix strat\u00e9giques [Cathy Alegria]<\/a><\/li>\n<li><a href=\"https:\/\/www.youtube.com\/watch?v=RowPRwxklw8\">Le management est-il plus important que la strat\u00e9gie ?<\/a><\/li>\n<li><a href=\"https:\/\/www.youtube.com\/watch?v=lTFgsoJ2o18\">Agir ou ne rien faire : la le\u00e7on de strat\u00e9gie du gardien de but face au penalty<\/a><\/li>\n<li><a href=\"https:\/\/www.xerficanal.com\/strategie-management\/emission\/Frederic-Frery-Les-lecons-strategiques-des-jardiniers_3747259.html?utm_source=Mod%E8le%20diffusion%20Xerfi%20Canal&amp;utm_medium=email&amp;utm_campaign=XC030919\"> Les le\u00e7ons strat\u00e9giques des jardiniers<\/a><\/li>\n<li><a href=\"https:\/\/www.youtube.com\/watch?v=HqFr9RAKn0I\" target=\"_blank\" rel=\"noopener noreferrer\">Comprendre l\u2019avantage concurrentiel<\/a><\/li>\n<li><a href=\"https:\/\/www.youtube.com\/watch?v=qFOBnGXob3s\">Comprendre les strat\u00e9gies de diff\u00e9renciation<\/a><\/li>\n<li><a href=\"https:\/\/www.youtube.com\/watch?v=PTaj-uH-LpY\">La culture d\u2019entreprise est-elle un avantage concurrentiel ?<\/a><\/li>\n<li><a href=\"https:\/\/www.youtube.com\/watch?v=cwLLNc-TbMM\" target=\"_blank\" rel=\"noopener noreferrer\">Comprendre les \u00ab\u00a0syst\u00e8mes concurrentiels\u00a0\u00bb<\/a><\/li>\n<li><a href=\"https:\/\/www.youtube.com\/watch?v=dtmIxS3py3Q\" target=\"_blank\" rel=\"noopener noreferrer\">Les facteurs cl\u00e9s de succ\u00e8s<\/a><\/li>\n<li><a href=\"https:\/\/www.youtube.com\/watch?v=LFhv3ZZ6ryE\">Comprendre le mod\u00e8le VRIO : pour \u00eatre distinctif et inimitable<\/a><\/li>\n<li><a href=\"https:\/\/www.youtube.com\/watch?v=zjuynmgxFWk\">La plus strat\u00e9gique de toutes les ressources<\/a><\/li>\n<li><a data-wplink-url-error=\"true\">Influencer ou pr\u00e9dire l\u2019\u00e9volution de son environnement<\/a><\/li>\n<li><a href=\"https:\/\/www.youtube.com\/watch?v=Wz3Lyaz88Ds\">Comment lutter contre les silos dans les entreprises ?<\/a><\/li>\n<li><a href=\"https:\/\/www.youtube.com\/watch?v=LheTVErjgnI\" target=\"_blank\" rel=\"noopener noreferrer\">Est-ce que la strat\u00e9gie c\u2019est du creux et du bla bla ?<\/a><\/li>\n<li><a href=\"https:\/\/www.youtube.com\/watch?v=uS1daOo50f0\">Pourquoi des entreprises r\u00e9ussissent mieux que d\u2019autres ?<\/a><\/li>\n<li><a href=\"https:\/\/www.youtube.com\/watch?v=P4wvggjPOdo\" target=\"_blank\" rel=\"noopener noreferrer\">Comprendre la strat\u00e9gie \u00ab\u00a0Oc\u00e9an bleu\u00a0\u00bb<\/a><\/li>\n<li><a href=\"https:\/\/www.youtube.com\/watch?v=lz6d-T5ZWfo\">La le\u00e7on des militaires sur l\u2019ex\u00e9cution de la strat\u00e9gie<\/a><\/li>\n<li><a href=\"https:\/\/www.youtube.com\/watch?v=_Me17wP1WZs\">La phrase magique en strat\u00e9gie (valeur)<\/a><\/li>\n<li><a href=\"https:\/\/www.youtube.com\/watch?v=wnQUTkDSWXY\" target=\"_blank\" rel=\"noopener noreferrer\">Comprendre la matrice d\u2019ANSOFF<\/a><\/li>\n<li><a href=\"https:\/\/www.youtube.com\/watch?v=I_h2G87ZR1w\"> Strat\u00e9gie : se sp\u00e9cialiser ou se diversifier ?\u00a0<\/a><\/li>\n<li><a href=\"http:\/\/www.business-digest.eu\/fr\/2013\/01\/08\/comment-bien-equilibrer-ses-strategies-de-croissance\/\" target=\"_blank\" rel=\"noopener noreferrer\">Comment bien \u00e9quilibrer ses strat\u00e9gies de croissance ?<\/a><\/li>\n<li><a class=\"titre\" href=\"https:\/\/www.xerficanal.com\/strategie-management\/emission\/Thomas-Durand-Les-5-questions-cles-pour-elaborer-une-strategie_3747667.html\">Les 5 questions-cl\u00e9s pour \u00e9laborer une strat\u00e9gie<\/a><\/li>\n<li><a href=\"https:\/\/www.youtube.com\/watch?v=mH5ScUzDlqY\">Les 5 grandes erreurs dans l\u2019ex\u00e9cution de la strat\u00e9gie<\/a><a href=\"https:\/\/www.youtube.com\/watch?v=JF0Dd2pRRpI\">\u00a0<\/a><\/li>\n<li><a href=\"https:\/\/www.youtube.com\/watch?v=Fs1A-tH7q5Y\">Le d\u00e9veloppement durable, source d\u2019opportunit\u00e9s pour l\u2019entreprise<\/a><\/li>\n<li><a href=\"https:\/\/www.youtube.com\/watch?v=4duwZE8ALS8\">L\u2019expert comptable et l\u2019innovation par les business models<\/a><\/li>\n<li><a href=\"https:\/\/www.youtube.com\/watch?v=k7as9g0XNQs\">Ces managers dangereux pour l\u2019entreprise<\/a><\/li>\n<li><a href=\"https:\/\/www.youtube.com\/watch?v=BVjv1aCHIi8\">Le paradoxe d\u2019Icare : quand le succ\u00e8s conduit \u00e0 l\u2019\u00e9chec<\/a><\/li>\n<li><a href=\"https:\/\/www.youtube.com\/watch?v=gotX24Umt6o\">Combien vaut un dirigeant ?<\/a><\/li>\n<li><a href=\"https:\/\/www.youtube.com\/watch?v=_J9PPePC5n8\"> A quoi servent les PDG, cette bizarrerie fran\u00e7aise<\/a><\/li>\n<li><a href=\"https:\/\/www.xerficanal.com\/iqsog\/emission\/Rania-Labaki-Manager-une-entreprise-familiale_3753475.html?utm_source=sendinblue&amp;utm_campaign=&amp;utm_medium=email\">Manager une entreprise familiale<\/a><\/li>\n<li><a href=\"https:\/\/www.youtube.com\/watch?v=yxZG6e_1yBA\">Penser la strat\u00e9gie en int\u00e9grant toutes les fonctions<\/a><\/li>\n<\/ul>\n<p><em><strong>Cas longitudinal\u00a0 : <a href=\"https:\/\/lionelmaltese.fr\/wp-content\/uploads\/2024\/09\/POStrat25.pdf\">Cas \u00ab\u00a0Family business\u00a0\u00bb Pampelonne Organisation<\/a><\/strong><\/em><\/p>\n<ul>\n<li><em><strong>S\u00e9ance 3 :<\/strong><\/em> de la cr\u00e9ation \u00e0 la sucession \/ business model et management strat\u00e9gique<\/li>\n<li><em><strong>S\u00e9ance 4 :<\/strong><\/em> anlayse interne \/ entreprise apprenante \/ family business et co-actionnariat<\/li>\n<li><em><strong>S\u00e9ance 5 :<\/strong><\/em> analyse externe \/ nouvel actionnariat majoritaire \/ march\u00e9s locaux<\/li>\n<li><em><strong>S\u00e9ance 6 :<\/strong><\/em> oraux (examen) choix strat\u00e9gique vision et excution strat\u00e9gie PO 2030 &#8211; <em><strong>Rendu ecrit par email lionel.maltese@univ-amu.fr en suivant les recommandations deadline 10 juin 2025 pour Groupes GC2F &#8211; GEMA &#8211; GPRH ALTERNANCE<\/strong><\/em><\/li>\n<\/ul>\n<p><em>Liens :<\/em><\/p>\n<ul>\n<li><a href=\"https:\/\/lionelmaltese.fr\/wp-content\/uploads\/2023\/12\/POStrat24.pdf\">Pr\u00e9sentation Pampelonne Organisation<\/a><\/li>\n<li><a href=\"http:\/\/fr.wikipedia.org\/wiki\/Jean-Fran%C3%A7ois_Caujolle\" target=\"_blank\" rel=\"noopener noreferrer\">Jean-Fran\u00e7ois Caujolle<\/a><\/li>\n<li><a href=\"https:\/\/lionelmaltese.fr\/wp-content\/uploads\/2023\/12\/La-petite-entreprise-Caujolle.pdf\">La petite entreprise Caujolle \u00e0 l&rsquo;Open 13 de Marseille (L&rsquo;Equipe)<\/a><\/li>\n<li><a href=\"https:\/\/www.lautremag.news\/jean-francois-caujolle-open13\/\">JEAN FRANCOIS CAUJOLLE \u2013 ENTRONS DANS L\u2019UNIVERS DU CREATEUR DE L\u2019OPEN13<\/a><\/li>\n<li><a href=\"http:\/\/www.dailymotion.com\/video\/xxliso_le-talk-economie-marsactu-jean-francois-caujolle-directeur-de-l-open-13_news\" target=\"_blank\" rel=\"noopener noreferrer\">ITW vid\u00e9o Jean-Fran\u00e7ois Caujolle<\/a><\/li>\n<li><a href=\"https:\/\/www.laprovence.com\/actu\/en-direct\/6659452\/tennis-une-bd-pour-retracer-lhistoire-de-lopen-13.html\">Tennis : une BD pour retracer l&rsquo;histoire de l&rsquo;Open 13<\/a><\/li>\n<li><a href=\"https:\/\/lionelmaltese.fr\/wp-content\/uploads\/2017\/03\/LyonVersion4.pdf\">Pr\u00e9sentation Open Parc Auvergne Rh\u00f4ne Alpes<\/a><\/li>\n<li><a href=\"https:\/\/lionelmaltese.fr\/wp-content\/uploads\/2017\/02\/FactorySE_roland_garros_A4_v15_FR_150.pdf\">Pr\u00e9sentation Factory SE Roland Garros<\/a><\/li>\n<li><a href=\"http:\/\/www.open13.fr\/\" target=\"_blank\" rel=\"noopener noreferrer\">Open13<\/a><\/li>\n<li><a href=\"https:\/\/www.youtube.com\/watch?v=otifrgqdTI4\">Village VIP Open13 Provence<\/a><\/li>\n<li><a href=\"https:\/\/www.youtube.com\/watch?v=Bv1k30KhPqk\">Finale Open13 Provence 2022\u00a0<\/a><\/li>\n<li><a href=\"https:\/\/lionelmaltese.fr\/wp-content\/uploads\/2015\/01\/lequipe17fev.pdf\">Article Economie Open13<\/a><\/li>\n<li><a href=\"https:\/\/www.youtube.com\/watch?v=_geaGkv3iYo\">Les chiffres du circuit que l&rsquo;on ne donne jamais &#8211; Lionel Maltese \u00e0 l&rsquo;Open 13<\/a><\/li>\n<li><a href=\"https:\/\/www.youtube.com\/watch?v=iIGEup620o0\">Anecdotes de Caujolle, Directeur de Marseille ATP 250<\/a><\/li>\n<li><a href=\"https:\/\/www.youtube.com\/watch?v=XpRQPraL6f8\">Tout savoir sans filtre sur le business d&rsquo;un tournoi ATP 250<\/a><\/li>\n<li><a href=\"http:\/\/blog.lefigaro.fr\/sport-business\/2015\/02\/la-strategie-villageoise-de-lopen13.html\" target=\"_blank\" rel=\"noopener noreferrer\">La strat\u00e9gie villageoise de l\u2019Open13<\/a><\/li>\n<li><a href=\"https:\/\/lionelmaltese.fr\/wp-content\/uploads\/2014\/09\/marqueOpen13.pdf\">Marque Open13 : \u00ab\u00a0Are you Open\u00a0\u00bb<\/a><\/li>\n<li><a href=\"https:\/\/www.nouvellespublications.com\/jean-francois-caujolle-open-13-le-tennis-se-prete-bien-aux-rencontres-b-to-b-1888.html\">Jean-Fran\u00e7ois Caujolle (Open 13) : \u00ab Le tennis se pr\u00eate bien aux rencontres B to B \u00bb\u00a0<\/a><\/li>\n<li><a href=\"https:\/\/le10sport.com\/tennis\/tennis-ce-temoignage-fort-sur-lavenir-de-jo-wilfried-tsonga-437419\">Tennis : Ce t\u00e9moignage fort sur l\u2019avenir de Jo-Wilfried Tsonga !<\/a><\/li>\n<li><a href=\"http:\/\/Quand l'Open 13 Provence de tennis se raconte en BD\" data-wplink-url-error=\"true\">Quand l&rsquo;Open 13 Provence de tennis se raconte en BD<\/a><\/li>\n<li><a href=\"https:\/\/marsactu.fr\/la-mairie-de-marseille-a-un-plan-sur-la-table-pour-une-arena-de-15-000-places-au-canet\/\">La mairie de Marseille a un plan sur la table pour une arena de 15 000 places au Canet<\/a><\/li>\n<li><a href=\"http:\/\/www.opennicecotedazur.com\/\" target=\"_blank\" rel=\"noopener noreferrer\">Open de Nice C\u00f4te d&rsquo;Azur<\/a><\/li>\n<li><a href=\"http:\/\/blog.lefigaro.fr\/sport-business\/2013\/05\/latp-fait-sa-green-week-a-nice.html\">L\u2019ATP fait sa \u00ab Green Week \u00bb \u00e0 Nice <\/a><\/li>\n<li><a href=\"https:\/\/lionelmaltese.fr\/wp-content\/uploads\/2014\/09\/marqueONCA.pdf\">Marque Open de Nice C\u00f4te d\u2019Azur : \u00ab\u00a0We are Nice\u00a0\u00bb<\/a><\/li>\n<li><a href=\"http:\/\/www.wta-brusselsopen.com\/\" target=\"_blank\" rel=\"noopener noreferrer\">WTA Brussels Open <\/a><\/li>\n<li><a href=\"http:\/\/www.dhnet.be\/sports\/tennis\/le-brussels-open-2014-annule-52a79e8e357004c37c8ad918\" target=\"_blank\" rel=\"noopener noreferrer\">Le Brussels Open 2014 annul\u00e9 !<\/a><\/li>\n<li><a href=\"http:\/\/www.pampelonne.com\/\" target=\"_blank\" rel=\"noopener noreferrer\">Pampelonne Paris<\/a><\/li>\n<li><a href=\"http:\/\/4slamtennis.com\/en\/\" target=\"_blank\" rel=\"noopener noreferrer\">4 Slam Tennis Academy <\/a><\/li>\n<li><a href=\"http:\/\/www.karti.in\/UserProfile.aspx\" target=\"_blank\" rel=\"noopener noreferrer\"><span class=\"n fn\"><span class=\"full-name\" dir=\"auto\">Karti P.Chidambaram<\/span><\/span><\/a><\/li>\n<li><a href=\"http:\/\/www.business-standard.com\/article\/beyond-business\/the-other-chidambaram-112111000024_1.html\" target=\"_blank\" rel=\"noopener noreferrer\">The other Chidambaram<\/a><\/li>\n<li><a href=\"http:\/\/en.wikipedia.org\/wiki\/P._Chidambaram\" target=\"_blank\" rel=\"noopener noreferrer\">Palaniappan Chidambaram <\/a><\/li>\n<li><a href=\"https:\/\/www.sportbuzzbusiness.fr\/factory-sport-entertainment-co-detenue-par-jo-wilfried-tsonga-jean-francois-caujolle-et-vincent-paolini-fete-sa-deuxieme-saison.html\">Factory Sport &amp; Entertainment co-d\u00e9tenue par Jo-Wilfried Tsonga , Jean-Francois Caujolle et Vincent Paolini f\u00eate sa deuxi\u00e8me saison<\/a><\/li>\n<li>\u00a0<a href=\"https:\/\/www.tennisactu.net\/news-atp-caujolle-sa-succession-tsonga-dans-l-orga-de-l-open-13-74057.html\">JF Caujolle pr\u00e9pare sa succession\u00a0<\/a><\/li>\n<li><a href=\"https:\/\/lionelmaltese.fr\/wp-content\/uploads\/2025\/02\/WhatsApp-Image-2025-02-07-a-06.56.08_40d124ce.jpg\">Open13 2025 &#8211; La Provence &#8211; Palais des Sports changement de date<\/a><\/li>\n<li><a href=\"https:\/\/www.sportbuzzbusiness.fr\/jo-wilfried-tsonga-evoque-son-interet-pour-le-sport-business-et-son-implication-dans-factory-se.html\">Jo-Wilfried Tsonga \u00e9voque son implication tennis sur l\u2019axe Paris Lyon Marseille avec Factory Sport &amp; Entertainment<\/a><\/li>\n<li><a href=\"https:\/\/www.allin.academy\/\">All in Academy<\/a><\/li>\n<li><a href=\"https:\/\/www.groupama-stadium.com\/la-all-in-academy-devoile-sa-nouvelle-structure-a-ol-vallee\/\">All In Academy Lyon &#8211; Overview 2020<\/a><\/li>\n<li><a href=\"https:\/\/www.leprogres.fr\/sport\/2023\/04\/27\/tennis-dans-les-pas-de-jo-wilfried-tsonga-et-du-futur-all-in-country-club\">Dans les pas de Jo-Wilfried Tsonga au futur All In Country Club, pr\u00e8s de Lyon<\/a><\/li>\n<li><a href=\"https:\/\/www.allin-management.com\/\">All in Management\u00a0<\/a><\/li>\n<li><a href=\"https:\/\/lionelmaltese.fr\/wp-content\/uploads\/2021\/11\/Covid19-Survie-des-marques-sportives-des-tournois-professionnels.pdf\">Covid19 Survie des marques sportives des tournois professionnels<\/a><\/li>\n<li><a href=\"https:\/\/www.olympique-et-lyonnais.com\/ol-vallee-aulas-est-fier-daccueillir-un-nouveau-partenaire-avec-le-all-in-country-club,257623.html\">OL Vall\u00e9e : Aulas est \u00ab\u00a0fier d\u2019accueillir un nouveau partenaire\u00a0\u00bb avec le \u00ab\u00a0All In Country Club\u00a0\u00bb<\/a><\/li>\n<li><a href=\"https:\/\/www.olvallee.fr\/actualites\/premiers-sieges-poses-pour-la-ldlc-arena-et-engagement-environnemental-fort-de-lol\/\">Premiers si\u00e8ges pos\u00e9s pour la LDLC Arena et engagement environnemental fort de l\u2019OL<\/a><\/li>\n<li><a href=\"https:\/\/www.leprogres.fr\/sport\/2023\/11\/09\/l-atp-confirme-la-disparition-du-tournoi-de-lyon-en-2025\">L\u2019ATP confirme la disparition du tournoi de Lyon en 2025<\/a><\/li>\n<li><a href=\"https:\/\/www.fusacq.com\/buzz\/jean-michel-aulas-et-holnest-rachetent-la-ldlc-arena-a247861_fr_\">JEAN-MICHEL AULAS et HOLNEST rach\u00e8tent la LDLC ARENA<\/a><\/li>\n<li><a href=\"https:\/\/www.lequipe.fr\/Tennis\/Actualites\/Le-rachat-du-tournoi-de-metz-par-tsonga-et-ascione-confirme\/1390981\">Le rachat du tournoi de Metz par Tsonga et Ascione confirm\u00e9<\/a><\/li>\n<li><a href=\"https:\/\/www.leparisien.fr\/sports\/tennis\/tennis-reforme-de-latp-difficultes-financieres-pourquoi-la-france-va-perdre-des-tournois-06-11-2023-PU5TBZUDDNA7JFD3QQOVSVL4NU.php\">Tennis : r\u00e9forme de l\u2019ATP, difficult\u00e9s financi\u00e8res\u2026 pourquoi la France va perdre des tournois<\/a><\/li>\n<li><a href=\"https:\/\/le10sport.com\/tennis\/tennis-ce-temoignage-fort-sur-lavenir-de-jo-wilfried-tsonga-437419\">Tennis : Ce t\u00e9moignage fort sur l\u2019avenir de Jo-Wilfried Tsonga !<\/a><\/li>\n<li><a href=\"https:\/\/www.youtube.com\/watch?v=v7mUVfKDU4s\">Discussion Avec&#8230; Jo-Wilfried Tsonga entrepreneur\u00a0<\/a><\/li>\n<li><a href=\"https:\/\/lionelmaltese.fr\/wp-content\/uploads\/2025\/08\/la-provence-article-global.jpg\">Open13 La fin d&rsquo;une \u00e9poque (La Provence 30\/08\/2025)<\/a><\/li>\n<li><a href=\"https:\/\/lionelmaltese.fr\/wp-content\/uploads\/2025\/08\/jfc-lequipe.pdf\">L&rsquo;Open 13 s&rsquo;en va \u00e0 Lyon : \u00ab Marseille \u00e9tait dans le collimateur de l&rsquo;ATP \u00bb, explique Jean-Fran\u00e7ois Caujolle (L&rsquo;Equipe 29\/08\/2025)<\/a><\/li>\n<li><a href=\"https:\/\/www.youtube.com\/watch?v=lWj_y2LNPjQ\">Jo-Wilfried Tsonga &#8211; Le 5\u00e8me des Big Four<\/a><\/li>\n<li><a href=\"https:\/\/www.xerficanal.com\/economie\/emission\/Philippe-Gattet-Sport-business-les-strategies-pour-s-adapter-aux-nouveaux-modeles-d-affaires-_3752483.html?utm_source=sendinblue&amp;utm_campaign=XC200224&amp;utm_medium=email\">Sport business : les strat\u00e9gies pour s\u2019adapter aux nouveaux mod\u00e8les d\u2019affaires<\/a><\/li>\n<li><a href=\"https:\/\/www.youtube.com\/watch?v=T-zdCRu_rv4\"> Vaut-il mieux externaliser tout ce qui est possible ?<\/a><\/li>\n<li><a href=\"https:\/\/www.xerficanal.com\/economie\/emission\/Alexandre-Mirlicourtois-Finances-publiques-les-collectivites-locales-creusent-le-trou_3753756.html?utm_source=sendinblue&amp;utm_campaign=&amp;utm_medium=email\">Finances publiques : les collectivit\u00e9s locales creusent le trou<\/a><\/li>\n<li><a href=\"https:\/\/marsactu.fr\/open-13-montages-financiers-et-soupcons-de-blanchiment-dans-lindifference-generale\/\">Open 13 : montages financiers et soup\u00e7ons de blanchiment dans l\u2019indiff\u00e9rence g\u00e9n\u00e9rale<\/a><\/li>\n<li><a href=\"https:\/\/sportfive.slides.com\/s5-france\/deck-bdb996\/fullscreen?token=pJuRTAl7\">Offres Commerciale Grand Prix Auvergne Rh\u00f4ne Alpes (SportFive)\u00a0<\/a><\/li>\n<\/ul>\n<p>Liens publics \u00e9tats financiers :<\/p>\n<ul>\n<li><a href=\"https:\/\/www.pappers.fr\/entreprise\/pampelonne-organisation-424857779\">Pampelonne Organisation<\/a><\/li>\n<li><a href=\"https:\/\/www.pappers.fr\/entreprise\/factory-se-825225162\">Factory SE<\/a><\/li>\n<li><a href=\"https:\/\/www.pappers.fr\/entreprise\/all-in-group-921690616\">ALL IN GROUPE\u00a0<\/a><\/li>\n<li><a href=\"https:\/\/www.pappers.fr\/entreprise\/all-in-moselle-913853651\">Moselle Open\u00a0<\/a><\/li>\n<li><a href=\"https:\/\/www.pappers.fr\/entreprise\/allin-event-888024916\">All In Event (Lyon)<\/a><\/li>\n<\/ul>\n","protected":false},"excerpt":{"rendered":"<p>BUT GEA 3i\u00e8me ann\u00e9e\u00a0 &#8211;&gt; Consignes et Attentes Sae Monographie (Sophie Montandrau)\u00a0 &#8211;&gt; rendu \u00e9crit avec corrections \/ am\u00e9liorations issues de l&rsquo;oral (FI) pour le 9 mars par e-mail : lionel.maltese@univ-amu.fr\u00a0 Evaluations FI : strat\u00e9gie GC2FFI &#8211; strat\u00e9gie GEMAFI &#8211;&#8230; <a class=\"more-link\" href=\"https:\/\/lionelmaltese.fr\/?page_id=35\">Continue Reading &rarr;<\/a><\/p>\n","protected":false},"author":1,"featured_media":0,"parent":58,"menu_order":0,"comment_status":"closed","ping_status":"closed","template":"","meta":{"footnotes":""},"class_list":["post-35","page","type-page","status-publish","hentry"],"_links":{"self":[{"href":"https:\/\/lionelmaltese.fr\/index.php?rest_route=\/wp\/v2\/pages\/35","targetHints":{"allow":["GET"]}}],"collection":[{"href":"https:\/\/lionelmaltese.fr\/index.php?rest_route=\/wp\/v2\/pages"}],"about":[{"href":"https:\/\/lionelmaltese.fr\/index.php?rest_route=\/wp\/v2\/types\/page"}],"author":[{"embeddable":true,"href":"https:\/\/lionelmaltese.fr\/index.php?rest_route=\/wp\/v2\/users\/1"}],"replies":[{"embeddable":true,"href":"https:\/\/lionelmaltese.fr\/index.php?rest_route=%2Fwp%2Fv2%2Fcomments&post=35"}],"version-history":[{"count":130,"href":"https:\/\/lionelmaltese.fr\/index.php?rest_route=\/wp\/v2\/pages\/35\/revisions"}],"predecessor-version":[{"id":4932,"href":"https:\/\/lionelmaltese.fr\/index.php?rest_route=\/wp\/v2\/pages\/35\/revisions\/4932"}],"up":[{"embeddable":true,"href":"https:\/\/lionelmaltese.fr\/index.php?rest_route=\/wp\/v2\/pages\/58"}],"wp:attachment":[{"href":"https:\/\/lionelmaltese.fr\/index.php?rest_route=%2Fwp%2Fv2%2Fmedia&parent=35"}],"curies":[{"name":"wp","href":"https:\/\/api.w.org\/{rel}","templated":true}]}}