{"id":61,"date":"2014-08-21T21:14:08","date_gmt":"2014-08-21T21:14:08","guid":{"rendered":"http:\/\/lionelmaltese.fr\/?page_id=61"},"modified":"2026-02-23T08:38:22","modified_gmt":"2026-02-23T08:38:22","slug":"reseaux-pros","status":"publish","type":"page","link":"https:\/\/lionelmaltese.fr\/?page_id=61","title":{"rendered":"SA\u00e9 : Management E-Reputation"},"content":{"rendered":"<p><a href=\"https:\/\/lionelmaltese.fr\/?page_id=3292\">Alumni GEA\u00a0<\/a><\/p>\n<p>Evaluations : <a href=\"https:\/\/lionelmaltese.fr\/wp-content\/uploads\/2025\/03\/notes_SAE6.GEMA_.02-2025-03-01-0_grtousFIvf.pdf\">Managing Oneself GEMAFI<\/a> &#8211; <a href=\"https:\/\/lionelmaltese.fr\/wp-content\/uploads\/2024\/06\/notes_SAE6.GEMA_.02-2024-06-08_grtousALT.pdf\">Managing Oneself GEMAALT<\/a><\/p>\n<p><em><strong>Community Management &amp; Social Networks by <a href=\"https:\/\/www.linkedin.com\/in\/karla-fiteni-76601b140\/\">Karla Fiteni<\/a> &amp; <a href=\"https:\/\/www.linkedin.com\/in\/ornella-le-gal\/\">Ornella Le gal<\/a> [in French]<\/strong><\/em><\/p>\n<p><strong>Destination\/Venue &amp; Communication by <a href=\"https:\/\/www.linkedin.com\/in\/sylvain-vachier-16062b\/\">Syvain Vachier<\/a> [in english]<\/strong><\/p>\n<p><strong>Lectures et liens\u00a0<\/strong><\/p>\n<ul>\n<li>Vid\u00e9o : <a href=\"https:\/\/www.youtube.com\/watch?v=g3bBajcR5fE&amp;t=31s\">Social Networks and Getting a Job: Mark Granovetter<\/a><\/li>\n<li>Vid\u00e9o : <a href=\"https:\/\/www.youtube.com\/watch?v=KMEH1af9G7k\">Vous r\u00e9seautez \u00e0 l\u2019envers : la cl\u00e9 est dans les liens que vous n\u00e9gligez<\/a><\/li>\n<li>Vid\u00e9o : <a href=\"https:\/\/www.youtube.com\/watch?v=B6HD6AaT_Oc\">Comment \u00eatre s\u00fbr de recruter le \u00ab bon \u00bb candidat ?\u00a0\u00a0par J\u00e9r\u00f4me Barth\u00e9lemy (ESSEC)<\/a><\/li>\n<li>Vid\u00e9o : <a href=\"https:\/\/www.youtube.com\/watch?v=JjII91trYms\">Force des Liens Faibles\u00a0<\/a><\/li>\n<li>Vid\u00e9os : <a href=\"https:\/\/www.youtube.com\/watch?v=EHcAODmheyU\">Au-del\u00e0 de Granovetter : le lien faible coop\u00e9ratif\u00a0<\/a><\/li>\n<li>Vid\u00e9o : <a href=\"https:\/\/www.xerficanal.com\/fog\/emission\/Geraldine-Galindo-Le-personal-branding-un-veritable-atout-professionnel_3749795.html?_se=bGlvbmVsLm1hbHRlc2VAdW5pdi1hbXUuZnI%3D&amp;utm_campaign=XC200921&amp;utm_medium=email&amp;utm_source=sendinblue\">Le \u00ab\u00a0personal branding\u00a0\u00bb : un v\u00e9ritable atout professionnel<\/a><\/li>\n<li>Vid\u00e9o : <a href=\"https:\/\/www.youtube.com\/watch?v=_-QERutd_xg\">Strat\u00e9gies de carri\u00e8re et r\u00e9seaux sociaux<\/a><\/li>\n<li>Vid\u00e9o : <a href=\"https:\/\/www.youtube.com\/watch?v=0NQSMDEokFc&amp;t=161s\">Et si la chance \u00e9tait une comp\u00e9tence ?\u00a0<\/a><\/li>\n<li>Vid\u00e9o : <a href=\"https:\/\/www.youtube.com\/watch?v=5B7ocazsr_0\">Management de la chance par Philippe Gabilliet (ESCP) <\/a><\/li>\n<li><a href=\"https:\/\/www.blogdumoderateur.com\/etude-salaire-digital-profils-recherches\/\">\u00c9tude : les salaires du digital et les profils les plus recherch\u00e9s<\/a><\/li>\n<li><a href=\"https:\/\/www.youtube.com\/watch?v=qL7wpIHowgU\">Feuille de route pour la transformation digitale\u00a0\u00a0 <\/a><\/li>\n<li><a href=\"https:\/\/www.youtube.com\/watch?v=5TbXei9TJ4E\">Les g\u00e9n\u00e9rations \u00ab\u00a0digital natives\u00a0\u00bb<\/a><\/li>\n<li><a href=\"https:\/\/www.youtube.com\/watch?v=h5uByMAZyRY\">Efficacit\u00e9 des m\u00e9dias sociaux : de gros doutes<\/a><\/li>\n<li><a href=\"https:\/\/vimeo.com\/125152699\">Rentabiliser la transformation digitale<\/a><\/li>\n<li><a href=\"https:\/\/www.youtube.com\/watch?v=X8LIxD4fSv4\">Le digital rend-il vraiment toutes les entreprises plus performantes ?<\/a><\/li>\n<li><a href=\"https:\/\/www.youtube.com\/watch?v=gXozKjGpGPg\">Les 5 b\u00e9n\u00e9fices du digital pour les processus d\u2019entreprise<\/a><\/li>\n<li><a href=\"http:\/\/www.lexpress.fr\/tendances\/produit-high-tech\/linkedin-viadeo-xing-3-reseaux-sociaux-professionnels-ou-s-inscrire_1315706.html\" target=\"_blank\" rel=\"noopener noreferrer\">LinkedIn, Viadeo, Xing&#8230; Sur quel r\u00e9seau social s&rsquo;inscrire ?<\/a><\/li>\n<li><a href=\"https:\/\/www.efficacitic.fr\/2014\/05\/30\/pourquoi-utiliser-les-reseaux-sociaux-professionnels\/\" target=\"_blank\" rel=\"noopener noreferrer\">Comment utiliser les R\u00e9seaux sociaux professionnels ?<\/a><\/li>\n<li><a href=\"https:\/\/www.capital.fr\/votre-carriere\/les-metiers-qui-recruteront-le-plus-dans-les-dix-prochaines-annees-1430706?utm_term=Autofeed&amp;utm_campaign=Echobox&amp;utm_medium=Social&amp;utm_source=LinkedIn#Echobox=1664718272\">Les m\u00e9tiers qui recruteront le plus dans les dix prochaines ann\u00e9es<\/a><\/li>\n<\/ul>\n<p><em><strong>Managing oneself by Lionel Maltese [in english]<\/strong><\/em><\/p>\n<ul>\n<li>Vid\u00e9o : <a href=\"https:\/\/www.youtube.com\/watch?v=I9eDntumN5o\">Managing oneself by Peter Drucker\u00a0<\/a><\/li>\n<li>Vid\u00e9o :\u00a0<a href=\"https:\/\/www.youtube.com\/watch?v=P2ZRKTY8t8Q\">Avoir la \u00ab\u00a0gnaque\u00a0\u00bb, \u00e7a s&rsquo;apprend<\/a><\/li>\n<li>Vid\u00e9o : <a href=\"https:\/\/www.ted.com\/talks\/angela_lee_duckworth_grit_the_power_of_passion_and_perseverance?language=fr#t-37519\">The Grit power by\u00a0Angela Lee Duckworth\u00a0<\/a><\/li>\n<li>Vid\u00e9o : <a href=\"https:\/\/www.youtube.com\/watch?v=sAuTlvRupnA\">Le marketing digital \u00e0 l&rsquo;\u00e8re de l&rsquo;inbound, de la fin des cookies et apr\u00e8s le choc du Covid-19<\/a><\/li>\n<li>Vid\u00e9o : <a href=\"https:\/\/www.youtube.com\/watch?v=czkQL7DuPxI\">Play Play\u00a0<\/a><\/li>\n<li><a href=\"https:\/\/www.intelligence-personnelle.fr\/2019\/01\/28\/managing-oneself-ou-comment-se-gerer-soit-meme-peter-drucker-pose-les-bases-du-developpement-personnel\/\">\u00ab Managing oneself \u00bb ou comment se g\u00e9rer soit-m\u00eame : Peter Drucker pose les bases du d\u00e9veloppement personnel<\/a><\/li>\n<li><a href=\"https:\/\/theconversation.com\/se-manager-soi-meme-avant-de-manager-reflexions-sur-les-formations-au-management-89691\">Se manager soi-m\u00eame avant de manager, r\u00e9flexions sur les formations au management<\/a><\/li>\n<li class=\"copy-paste-block\"><a href=\"https:\/\/www.lesechos.fr\/idees-debats\/cercle\/cercle-171385-management-de-soi-2097844.php\">5 questions \u00e0 se poser pour bien s&rsquo;auto-manager (Les Echos)\u00a0<\/a><\/li>\n<li><a href=\"https:\/\/hbr.org\/product\/managing-oneself\/an\/2312-PBK-ENG\">Managing Oneself (Harvard Business Review Classics)<\/a><\/li>\n<li><a href=\"https:\/\/www.theguardian.com\/lifeandstyle\/2016\/may\/07\/is-grit-the-true-secret-of-success\">Is grit the true secret of success ? (The guardian)<\/a><\/li>\n<li><a href=\"http:\/\/sethgillihan.com\/ep-6-dr-angela-duckworth-how-to-find-a-passion-that-inspires-extraordinary-effort\/\">Podcast : How to Find a Passion That Inspires Extraordinary Effort<\/a><\/li>\n<li><a href=\"https:\/\/www.characterlab.org\/\">Character Lab<\/a><\/li>\n<li><a href=\"https:\/\/playplay.com\/fr\/\">Play Play\u00a0<\/a><\/li>\n<\/ul>\n\n\n<p><strong>Final Deadline \u2013 Individual Assignment<\/strong><br><strong>Format:<\/strong> Written document <em>or<\/em> podcast<br><strong>Topic:<\/strong> <em>Managing Oneself<\/em> (Peter Drucker) applied through an <strong>E-Reputation Management Model<\/strong><br><strong>Submission:<\/strong> By email to <strong><a>lionel.maltese@univ-amu.fr<\/a><\/strong><\/p>\n\n\n\n<ul class=\"wp-block-list\">\n<li><strong>9 March 2026<\/strong> \u2192 GEMA FI<\/li>\n\n\n\n<li><strong>30 May 2026<\/strong> \u2192 GEMA ALT<\/li>\n<\/ul>\n\n\n\n<p>Please ensure your work clearly integrates:<\/p>\n\n\n\n<ul class=\"wp-block-list\">\n<li>Self-assessment (strengths, values, performance feedback)<\/li>\n\n\n\n<li>Personal positioning strategy<\/li>\n\n\n\n<li>Digital footprint analysis<\/li>\n\n\n\n<li>E-reputation levers (visibility, Authenticity, Distinctiveness, Consistency, Transparency)<\/li>\n<\/ul>\n\n\n\n<p><\/p>\n","protected":false},"excerpt":{"rendered":"<p>Alumni GEA\u00a0 Evaluations : Managing Oneself GEMAFI &#8211; Managing Oneself GEMAALT Community Management &amp; Social Networks by Karla Fiteni &amp; Ornella Le gal [in French] Destination\/Venue &amp; Communication by Syvain Vachier [in english] Lectures et liens\u00a0 Vid\u00e9o : Social Networks&#8230; <a class=\"more-link\" href=\"https:\/\/lionelmaltese.fr\/?page_id=61\">Continue Reading &rarr;<\/a><\/p>\n","protected":false},"author":1,"featured_media":0,"parent":63,"menu_order":0,"comment_status":"closed","ping_status":"closed","template":"","meta":{"footnotes":""},"class_list":["post-61","page","type-page","status-publish","hentry"],"_links":{"self":[{"href":"https:\/\/lionelmaltese.fr\/index.php?rest_route=\/wp\/v2\/pages\/61","targetHints":{"allow":["GET"]}}],"collection":[{"href":"https:\/\/lionelmaltese.fr\/index.php?rest_route=\/wp\/v2\/pages"}],"about":[{"href":"https:\/\/lionelmaltese.fr\/index.php?rest_route=\/wp\/v2\/types\/page"}],"author":[{"embeddable":true,"href":"https:\/\/lionelmaltese.fr\/index.php?rest_route=\/wp\/v2\/users\/1"}],"replies":[{"embeddable":true,"href":"https:\/\/lionelmaltese.fr\/index.php?rest_route=%2Fwp%2Fv2%2Fcomments&post=61"}],"version-history":[{"count":74,"href":"https:\/\/lionelmaltese.fr\/index.php?rest_route=\/wp\/v2\/pages\/61\/revisions"}],"predecessor-version":[{"id":4968,"href":"https:\/\/lionelmaltese.fr\/index.php?rest_route=\/wp\/v2\/pages\/61\/revisions\/4968"}],"up":[{"embeddable":true,"href":"https:\/\/lionelmaltese.fr\/index.php?rest_route=\/wp\/v2\/pages\/63"}],"wp:attachment":[{"href":"https:\/\/lionelmaltese.fr\/index.php?rest_route=%2Fwp%2Fv2%2Fmedia&parent=61"}],"curies":[{"name":"wp","href":"https:\/\/api.w.org\/{rel}","templated":true}]}}