{"id":788,"date":"2015-11-27T18:29:51","date_gmt":"2015-11-27T18:29:51","guid":{"rendered":"http:\/\/lionelmaltese.fr\/?page_id=788"},"modified":"2023-11-24T05:44:25","modified_gmt":"2023-11-24T05:44:25","slug":"consulting","status":"publish","type":"page","link":"https:\/\/lionelmaltese.fr\/?page_id=788","title":{"rendered":"CONSULTING"},"content":{"rendered":"<p><strong>R\u00e9f\u00e9rences :<\/strong><\/p>\n<p><span style=\"color: #993300;\"><em><strong>Pampelonne Organisation (Open13, Open Parc Auvergne Rh\u00f4ne Alpes &#8211; Lyon, Open de Nice C\u00f4te d&rsquo;Azur, BNP Paribas Masters, WTA Brussels Open, ATP World Tour, FFT, Roland Garros) :<\/strong><\/em><\/span><\/p>\n<ul>\n<li><em>Management strat\u00e9gique<\/em> :\u00a0management des ressources et comp\u00e9tences, efficience organisationnelle, recrutement, planification strat\u00e9gique, r\u00e9alisation business plans et business mod\u00e8les<\/li>\n<li><em>Marketing<\/em> : activations de partenariats, marketing digital, marketing de cause, ticketing, CRM, fan experience, \u00e9tudes marketing, brand management, gestion du partenariat BNP Paribas<\/li>\n<li><em>M\u00e9dias<\/em> : relations presse sportive, social media, contenus \u00e9conomiques<\/li>\n<li><em>IT<\/em> : gestion des fournisseurs m\u00e9dias, technologiques et informatiques<\/li>\n<\/ul>\n<p><span style=\"color: #993300;\"><strong><a style=\"color: #993300;\" href=\"https:\/\/www.oreca.com\/\">Groupe Oreca<\/a> <a style=\"color: #993300;\" href=\"https:\/\/3xfestival.com\/\">FIBA World Tour 3*3\u00a0<\/a><\/strong><\/span><\/p>\n<ul>\n<li>Strat\u00e9gie Marketing et Commerciale : activation &amp; marketing de l&rsquo;offre, relations partenaires et institutions, str\u00e9tagie de diffusion m\u00e9dias<\/li>\n<li>Management Op\u00e9rationnel : production TV, IT, recrutement du personnel temporaire, gestion relation partenaire et protocolaire<\/li>\n<\/ul>\n<p><span style=\"color: #993300;\"><strong>PSG :<\/strong><\/span><\/p>\n<ul>\n<li>Etudes marketing de l&rsquo;exp\u00e9rience et du comportement des fans au Parc des Princes<\/li>\n<\/ul>\n<p><span style=\"color: #993300;\"><strong>BNP Paribas :<\/strong><\/span><\/p>\n<ul>\n<li>Conseil et formation strat\u00e9gie RP d&rsquo;invitations et de ROI relationnel<\/li>\n<\/ul>\n<p><span style=\"color: #993300;\"><strong>OM :<\/strong><\/span><\/p>\n<ul>\n<li>Audit Efficience Organisation des comp\u00e9tences Business &amp; Marketing<\/li>\n<\/ul>\n","protected":false},"excerpt":{"rendered":"<p>R\u00e9f\u00e9rences : Pampelonne Organisation (Open13, Open Parc Auvergne Rh\u00f4ne Alpes &#8211; Lyon, Open de Nice C\u00f4te d&rsquo;Azur, BNP Paribas Masters, WTA Brussels Open, ATP World Tour, FFT, Roland Garros) : Management strat\u00e9gique :\u00a0management des ressources et comp\u00e9tences, efficience organisationnelle, recrutement,&#8230; <a class=\"more-link\" href=\"https:\/\/lionelmaltese.fr\/?page_id=788\">Continue Reading &rarr;<\/a><\/p>\n","protected":false},"author":1,"featured_media":0,"parent":0,"menu_order":0,"comment_status":"closed","ping_status":"closed","template":"","meta":{"footnotes":""},"class_list":["post-788","page","type-page","status-publish","hentry"],"_links":{"self":[{"href":"https:\/\/lionelmaltese.fr\/index.php?rest_route=\/wp\/v2\/pages\/788","targetHints":{"allow":["GET"]}}],"collection":[{"href":"https:\/\/lionelmaltese.fr\/index.php?rest_route=\/wp\/v2\/pages"}],"about":[{"href":"https:\/\/lionelmaltese.fr\/index.php?rest_route=\/wp\/v2\/types\/page"}],"author":[{"embeddable":true,"href":"https:\/\/lionelmaltese.fr\/index.php?rest_route=\/wp\/v2\/users\/1"}],"replies":[{"embeddable":true,"href":"https:\/\/lionelmaltese.fr\/index.php?rest_route=%2Fwp%2Fv2%2Fcomments&post=788"}],"version-history":[{"count":7,"href":"https:\/\/lionelmaltese.fr\/index.php?rest_route=\/wp\/v2\/pages\/788\/revisions"}],"predecessor-version":[{"id":3054,"href":"https:\/\/lionelmaltese.fr\/index.php?rest_route=\/wp\/v2\/pages\/788\/revisions\/3054"}],"wp:attachment":[{"href":"https:\/\/lionelmaltese.fr\/index.php?rest_route=%2Fwp%2Fv2%2Fmedia&parent=788"}],"curies":[{"name":"wp","href":"https:\/\/api.w.org\/{rel}","templated":true}]}}