{"id":93,"date":"2014-08-22T07:46:17","date_gmt":"2014-08-22T07:46:17","guid":{"rendered":"http:\/\/lionelmaltese.fr\/?page_id=93"},"modified":"2026-02-17T11:04:43","modified_gmt":"2026-02-17T11:04:43","slug":"work-in-progress","status":"publish","type":"page","link":"https:\/\/lionelmaltese.fr\/?page_id=93","title":{"rendered":"Work in Progress"},"content":{"rendered":"<p>\u00ab\u00a0De la strat\u00e9gie d&rsquo;orchestration \u00e0 la d\u00e9sorchestration manag\u00e9riale des ressources : immersion au sein de la F\u00e9d\u00e9ration Fran\u00e7aise de Tennis et de Roland Garros\u00a0\u00bb, Revue Fran\u00e7aise de Gestion, Under Review : Retours aux reviewers d\u00e9but 2026.<\/p>\n<p><em>HDR 2026-2027\u00a0<\/em><\/p>\n<p data-start=\"297\" data-end=\"448\"><strong data-start=\"297\" data-end=\"448\">Management strat\u00e9gique de l\u2019orchestration des ressources et des comp\u00e9tences :<br data-start=\"376\" data-end=\"379\" \/>applications aux \u00e9cosyst\u00e8mes du sport business et de l\u2019\u00e9v\u00e9nementiel<\/strong><\/p>\n<p>Pr\u00e9sentation CERGAM &#8211; MEGA 26 f\u00e9vrier 2024 : \u00a0<a href=\"https:\/\/lionelmaltese.fr\/wp-content\/uploads\/2024\/02\/The-Glue-Assets-CERGAM-26-fev-24-Lionel-Maltese.pdf\">\u00ab The Glue Assets \u00bb Strategic resource management &amp; actionable research in International Sporting Events\u00a0<\/a><\/p>\n<p>Pr\u00e9sentation 4\u00e8me \u00e9dition des ateliers RH-Strat\u00e9gie du CERGAM\u00a0 vendredi 15 mars 2024 IAE d\u2019Aix-Marseille Universit\u00e9 : <a href=\"https:\/\/lionelmaltese.fr\/wp-content\/uploads\/2024\/03\/ApplicabiliteCERGAMLM15032024.pdf\">Applicability of the research in strategic assets management : inside Roland Garros \u201cBlack Box\u201d\u00a0\u00a0<\/a><\/p>\n<p>&#8211;&gt; Video <a href=\"https:\/\/www.youtube.com\/watch?v=1kIhq_YURdo\">Youtube Roland Garros Covid 2020\u00a0<\/a><\/p>\n<p><em><strong>RESEARCH AGENDA &#8211; PROJECTS :<\/strong><\/em><\/p>\n<hr \/>\n<p><strong><em>Programme de recherche<\/em> (2021-2028) Observatoire International en management du sport OIMS Laval Qu\u00e9bec avec Frank Pons &amp; Maryline Giroux :<\/strong><\/p>\n<ul>\n<li>Activation of a Sports Sponsorship Offering: Longitudinal BNP Paribas Data (Affinity-Based Offer) \u2014 VREE Modeling (Visibility \/ Relationship \/ Experience \/ Engagement)<\/li>\n<li>\n<hr \/>\n<p>Manager le Retour sur Invitation (RSI) dans les relations publiques et les hospitalit\u00e9s :<br \/>\nune application de la th\u00e9orie des liens faibles \u00e0 partir des donn\u00e9es BNP Paribas et DLSI<\/li>\n<li>\n<hr \/>\n<p>Orchestrating and De-Orchestrating Family-Owned Assets in Professional Sport:<br data-start=\"575\" data-end=\"578\" \/>Evidence from Open 13 Provence (1999\u20132025)<\/li>\n<li>\n<hr \/>\n<p>Orchestrating Reputation Assets in Higher Education:<br \/>\nThe Case of a Sustainable Sector-Specific Master\u2019s Program<\/li>\n<li>\n<hr \/>\n<p>Athletic Careers as Entrepreneurial Pathways: Individual Asset Orchestration Among Professional Tennis Players<\/li>\n<li>\n<hr \/>\n<p>Balancing Internal and External Resources in Physical Asset Orchestration:<br \/>\nInternational Event Business Model Configurations at LDLC Arena (D\u00e9cines\u2013Lyon)<\/li>\n<\/ul>\n","protected":false},"excerpt":{"rendered":"<p>\u00ab\u00a0De la strat\u00e9gie d&rsquo;orchestration \u00e0 la d\u00e9sorchestration manag\u00e9riale des ressources : immersion au sein de la F\u00e9d\u00e9ration Fran\u00e7aise de Tennis et de Roland Garros\u00a0\u00bb, Revue Fran\u00e7aise de Gestion, Under Review : Retours aux reviewers d\u00e9but 2026. HDR 2026-2027\u00a0 Management strat\u00e9gique&#8230; <a class=\"more-link\" href=\"https:\/\/lionelmaltese.fr\/?page_id=93\">Continue Reading &rarr;<\/a><\/p>\n","protected":false},"author":1,"featured_media":0,"parent":23,"menu_order":0,"comment_status":"closed","ping_status":"open","template":"","meta":{"footnotes":""},"class_list":["post-93","page","type-page","status-publish","hentry"],"_links":{"self":[{"href":"https:\/\/lionelmaltese.fr\/index.php?rest_route=\/wp\/v2\/pages\/93","targetHints":{"allow":["GET"]}}],"collection":[{"href":"https:\/\/lionelmaltese.fr\/index.php?rest_route=\/wp\/v2\/pages"}],"about":[{"href":"https:\/\/lionelmaltese.fr\/index.php?rest_route=\/wp\/v2\/types\/page"}],"author":[{"embeddable":true,"href":"https:\/\/lionelmaltese.fr\/index.php?rest_route=\/wp\/v2\/users\/1"}],"replies":[{"embeddable":true,"href":"https:\/\/lionelmaltese.fr\/index.php?rest_route=%2Fwp%2Fv2%2Fcomments&post=93"}],"version-history":[{"count":35,"href":"https:\/\/lionelmaltese.fr\/index.php?rest_route=\/wp\/v2\/pages\/93\/revisions"}],"predecessor-version":[{"id":4948,"href":"https:\/\/lionelmaltese.fr\/index.php?rest_route=\/wp\/v2\/pages\/93\/revisions\/4948"}],"up":[{"embeddable":true,"href":"https:\/\/lionelmaltese.fr\/index.php?rest_route=\/wp\/v2\/pages\/23"}],"wp:attachment":[{"href":"https:\/\/lionelmaltese.fr\/index.php?rest_route=%2Fwp%2Fv2%2Fmedia&parent=93"}],"curies":[{"name":"wp","href":"https:\/\/api.w.org\/{rel}","templated":true}]}}